{"id":12753,"date":"2026-04-15T15:28:25","date_gmt":"2026-04-15T15:28:25","guid":{"rendered":"https:\/\/fetajorentacar.com\/ueber-uns-mietwagen-malaga\/"},"modified":"2026-04-15T15:28:25","modified_gmt":"2026-04-15T15:28:25","slug":"ueber-uns-mietwagen-malaga","status":"publish","type":"page","link":"https:\/\/fetajorentacar.com\/de\/ueber-uns-mietwagen-malaga\/","title":{"rendered":"\u00dcber uns &#8211; Mietwagen M\u00e1laga"},"content":{"rendered":"<h1>\u00dcber Fetajo Rent a Car<\/h1>\n<p>Familienunternehmen mit \u00fcber 40 Jahren Erfahrung im Mietwagenbereich in M\u00e1laga. Wir verf\u00fcgen \u00fcber die gr\u00f6\u00dfte Flotte der Costa del Sol mit \u00fcber 4.000 Fahrzeugen. Direktlieferung am Flughafen, keine Warteschlangen, unbegrenzte Kilometer.<\/p>\n","protected":false},"excerpt":{"rendered":"<p>\u00dcber Fetajo Rent a Car Familienunternehmen mit \u00fcber 40 Jahren Erfahrung im [&hellip;]<\/p>\n","protected":false},"author":0,"featured_media":0,"parent":0,"menu_order":0,"comment_status":"closed","ping_status":"closed","template":"","meta":{"footnotes":""},"class_list":["post-12753","page","type-page","status-publish","hentry"],"_links":{"self":[{"href":"https:\/\/fetajorentacar.com\/de\/wp-json\/wp\/v2\/pages\/12753","targetHints":{"allow":["GET"]}}],"collection":[{"href":"https:\/\/fetajorentacar.com\/de\/wp-json\/wp\/v2\/pages"}],"about":[{"href":"https:\/\/fetajorentacar.com\/de\/wp-json\/wp\/v2\/types\/page"}],"replies":[{"embeddable":true,"href":"https:\/\/fetajorentacar.com\/de\/wp-json\/wp\/v2\/comments?post=12753"}],"version-history":[{"count":0,"href":"https:\/\/fetajorentacar.com\/de\/wp-json\/wp\/v2\/pages\/12753\/revisions"}],"wp:attachment":[{"href":"https:\/\/fetajorentacar.com\/de\/wp-json\/wp\/v2\/media?parent=12753"}],"curies":[{"name":"wp","href":"https:\/\/api.w.org\/{rel}","templated":true}]}}