{"id":12756,"date":"2026-04-15T15:28:27","date_gmt":"2026-04-15T15:28:27","guid":{"rendered":"https:\/\/fetajorentacar.com\/kontakt-mietwagen-flughafen-malaga\/"},"modified":"2026-04-15T15:28:27","modified_gmt":"2026-04-15T15:28:27","slug":"kontakt-mietwagen-flughafen-malaga","status":"publish","type":"page","link":"https:\/\/fetajorentacar.com\/de\/kontakt-mietwagen-flughafen-malaga\/","title":{"rendered":"Kontakt &#8211; Mietwagen Flughafen M\u00e1laga"},"content":{"rendered":"<h1>Kontakt Fetajo Rent a Car<\/h1>\n<p>Unser Team steht Ihnen 24 Stunden am Tag, 7 Tage die Woche zur Verf\u00fcgung. Rufen Sie uns an, schreiben Sie uns per WhatsApp oder E-Mail. Wir sind direkt am Ankunftsgate des Flughafens M\u00e1laga f\u00fcr Sie da.<\/p>\n","protected":false},"excerpt":{"rendered":"<p>Kontakt Fetajo Rent a Car Unser Team steht Ihnen 24 Stunden am [&hellip;]<\/p>\n","protected":false},"author":0,"featured_media":0,"parent":0,"menu_order":0,"comment_status":"closed","ping_status":"closed","template":"","meta":{"footnotes":""},"class_list":["post-12756","page","type-page","status-publish","hentry"],"_links":{"self":[{"href":"https:\/\/fetajorentacar.com\/de\/wp-json\/wp\/v2\/pages\/12756","targetHints":{"allow":["GET"]}}],"collection":[{"href":"https:\/\/fetajorentacar.com\/de\/wp-json\/wp\/v2\/pages"}],"about":[{"href":"https:\/\/fetajorentacar.com\/de\/wp-json\/wp\/v2\/types\/page"}],"replies":[{"embeddable":true,"href":"https:\/\/fetajorentacar.com\/de\/wp-json\/wp\/v2\/comments?post=12756"}],"version-history":[{"count":0,"href":"https:\/\/fetajorentacar.com\/de\/wp-json\/wp\/v2\/pages\/12756\/revisions"}],"wp:attachment":[{"href":"https:\/\/fetajorentacar.com\/de\/wp-json\/wp\/v2\/media?parent=12756"}],"curies":[{"name":"wp","href":"https:\/\/api.w.org\/{rel}","templated":true}]}}