{"id":12765,"date":"2026-04-15T15:28:32","date_gmt":"2026-04-15T15:28:32","guid":{"rendered":"https:\/\/fetajorentacar.com\/auto-abo-malaga\/"},"modified":"2026-04-16T09:08:35","modified_gmt":"2026-04-16T09:08:35","slug":"auto-abo-malaga","status":"publish","type":"page","link":"https:\/\/fetajorentacar.com\/de\/auto-abo-malaga\/","title":{"rendered":"Auto-Abo M\u00e1laga \u2014 Beste Pl\u00e4ne ab 380\u20ac\/Monat"},"content":{"rendered":"\t\t<div data-elementor-type=\"wp-page\" data-elementor-id=\"12765\" class=\"elementor elementor-12765 elementor-7815\" data-elementor-post-type=\"page\">\n\t\t\t\t<div class=\"elementor-element elementor-element-1cf80fb e-con-full e-flex e-con e-parent\" data-id=\"1cf80fb\" data-element_type=\"container\" data-e-type=\"container\">\n\t\t<div class=\"elementor-element elementor-element-0110323 border-radius-section e-flex e-con-boxed e-con e-child\" data-id=\"0110323\" data-element_type=\"container\" data-e-type=\"container\" data-settings=\"{&quot;background_background&quot;:&quot;gradient&quot;}\">\n\t\t\t\t\t<div class=\"e-con-inner\">\n\t\t<div class=\"elementor-element elementor-element-fee12ed e-con-full e-flex e-con e-child\" data-id=\"fee12ed\" data-element_type=\"container\" data-e-type=\"container\">\n\t\t\t\t<div class=\"elementor-element elementor-element-c720bd9 at-heading-animation at-animation-heading-style-2 elementor-widget elementor-widget-heading\" data-id=\"c720bd9\" data-element_type=\"widget\" data-e-type=\"widget\" data-settings=\"{&quot;ekit_we_effect_on&quot;:&quot;none&quot;}\" data-widget_type=\"heading.default\">\n\t\t\t\t\t<h1 class=\"elementor-heading-title elementor-size-default\">Auto-Abo M\u00e1laga \u2014 Beste Pl\u00e4ne ab 380\u20ac\/Monat<\/h1>\t\t\t\t<\/div>\n\t\t\t\t<\/div>\n\t\t<div class=\"elementor-element elementor-element-4b8e154 e-con-full e-flex e-con e-child\" data-id=\"4b8e154\" data-element_type=\"container\" data-e-type=\"container\">\n\t\t\t\t<div class=\"elementor-element elementor-element-61e2842 hero-image at-image-animation at-animation-image-none at-none elementor-widget elementor-widget-image\" data-id=\"61e2842\" data-element_type=\"widget\" data-e-type=\"widget\" data-settings=\"{&quot;ekit_we_effect_on&quot;:&quot;none&quot;}\" data-widget_type=\"image.default\">\n\t\t\t\t\t\t\t\t\t\t\t\t\t\t\t<img fetchpriority=\"high\" decoding=\"async\" width=\"750\" height=\"384\" src=\"https:\/\/fetajorentacar.com\/wp-content\/uploads\/2025\/10\/Fetajo-Rent-a-Car-Car-hire-Malaga-Airport-in-Costa-del-Sol-Malaga-5.webp\" class=\"attachment-full size-full wp-image-13094\" alt=\"Red Toyota car for monthly subscription and flexible car rental in Malaga - Fetajo Rent a CarFetajo Rent a Car - Car subscription and car hire Malaga Airport in Costa del Sol M\u00e1laga\" srcset=\"https:\/\/fetajorentacar.com\/wp-content\/uploads\/2025\/10\/Fetajo-Rent-a-Car-Car-hire-Malaga-Airport-in-Costa-del-Sol-Malaga-5.webp 750w, https:\/\/fetajorentacar.com\/wp-content\/uploads\/2025\/10\/Fetajo-Rent-a-Car-Car-hire-Malaga-Airport-in-Costa-del-Sol-Malaga-5-300x154.webp 300w\" sizes=\"(max-width: 750px) 100vw, 750px\" \/>\t\t\t\t\t\t\t\t\t\t\t\t\t\t\t<\/div>\n\t\t\t\t<\/div>\n\t\t\t\t\t<\/div>\n\t\t\t\t<\/div>\n\t\t<div class=\"elementor-element elementor-element-182e751 e-con-full e-flex e-con e-child\" data-id=\"182e751\" data-element_type=\"container\" data-e-type=\"container\">\n\t\t\t\t<div class=\"elementor-element elementor-element-aa7152c at-heading-animation at-animation-heading-none elementor-widget elementor-widget-heading\" data-id=\"aa7152c\" data-element_type=\"widget\" data-e-type=\"widget\" data-settings=\"{&quot;ekit_we_effect_on&quot;:&quot;none&quot;}\" data-widget_type=\"heading.default\">\n\t\t\t\t\t<h2 class=\"elementor-heading-title elementor-size-default\">Was ist ein Auto-Abo in M\u00e1laga und warum ist es smarter als eine Standardvermietung?<\/h2>\t\t\t\t<\/div>\n\t\t\t\t<div class=\"elementor-element elementor-element-8217c68 elementor-widget elementor-widget-n-accordion\" data-id=\"8217c68\" data-element_type=\"widget\" data-e-type=\"widget\" data-settings=\"{&quot;default_state&quot;:&quot;all_collapsed&quot;,&quot;max_items_expended&quot;:&quot;one&quot;,&quot;n_accordion_animation_duration&quot;:{&quot;unit&quot;:&quot;ms&quot;,&quot;size&quot;:400,&quot;sizes&quot;:[]},&quot;ekit_we_effect_on&quot;:&quot;none&quot;}\" data-widget_type=\"nested-accordion.default\">\n\t\t\t\t\t\t\t<div class=\"e-n-accordion\" aria-label=\"Accordion. Open links with Enter or Space, close with Escape, and navigate with Arrow Keys\">\n\t\t\t\t\t\t<details id=\"e-n-accordion-item-1360\" class=\"e-n-accordion-item\" >\n\t\t\t\t<summary class=\"e-n-accordion-item-title\" data-accordion-index=\"1\" tabindex=\"0\" aria-expanded=\"false\" aria-controls=\"e-n-accordion-item-1360\" >\n\t\t\t\t\t<span class='e-n-accordion-item-title-header'><div class=\"e-n-accordion-item-title-text\"> A car subscription Malaga <\/div><\/span>\n\t\t\t\t\t\t\t\t\t<\/summary>\n\t\t\t\t<div role=\"region\" aria-labelledby=\"e-n-accordion-item-1360\" class=\"elementor-element elementor-element-4bd7aaa e-con-full e-flex e-con e-child\" data-id=\"4bd7aaa\" data-element_type=\"container\" data-e-type=\"container\">\n\t\t\t\t<div class=\"elementor-element elementor-element-b23a9bf elementor-widget elementor-widget-text-editor\" data-id=\"b23a9bf\" data-element_type=\"widget\" data-e-type=\"widget\" data-settings=\"{&quot;ekit_we_effect_on&quot;:&quot;none&quot;}\" data-widget_type=\"text-editor.default\">\n\t\t\t\t\t\t\t\t\t<p>Ein Auto-Abo M\u00e1laga gibt Ihnen vollen Zugang zu einem Fahrzeug f\u00fcr 1 bis 9 Monate, mit Versicherung, Wartung und Pannenhilfe bereits in einem festen monatlichen Preis enthalten. Keine \u00dcberraschungen, keine versteckten Kosten.<\/p>\n<p>Im Gegensatz zu einer herk\u00f6mmlichen <a href=\"https:\/\/fetajorentacar.com\/de\/mietwagen-malaga-faq\/\">Autovermietung<\/a> M\u00e1laga zahlen Sie nicht t\u00e4glich \u2014 sondern monatlich. Das macht es zur idealen L\u00f6sung f\u00fcr Expats, digitale Nomaden, Langzeittouristen und alle, die an die Costa del Sol ziehen und ein zuverl\u00e4ssiges Auto ohne langfristigen Leasingvertrag ben\u00f6tigen.<\/p>\n<p><strong><a href=\"https:\/\/fetajorentacar.com\/de\/uber-uns-mietwagen-malaga\/\">Fetajo Rent a Car<\/a><\/strong> bietet seit 1982 flexible Autovermietung M\u00e1laga an. Unsere Flotte umfasst \u00fcber 27 Modelle \u2014 von kompakten Stadtautos bis hin zu SUVs \u2014 alle ab 380\u20ac\/Monat am Flughafen M\u00e1laga verf\u00fcgbar.<\/p>\n<p><strong>\u2714 Versicherung inklusive \u2014 \u2714 Wartung inklusive \u2014 \u2714 Keine Kreditkarte erforderlich \u2014 \u2714 Jederzeit k\u00fcndbar<\/strong><\/p>\t\t\t\t\t\t\t\t<\/div>\n\t\t\t\t<\/div>\n\t\t\t\t\t<\/details>\n\t\t\t\t\t<\/div>\n\t\t\t\t\t\t<\/div>\n\t\t\t\t<\/div>\n\t\t\t\t<\/div>\n\t\t<div class=\"elementor-element elementor-element-d6003b3 e-flex e-con-boxed e-con e-parent\" data-id=\"d6003b3\" data-element_type=\"container\" data-e-type=\"container\">\n\t\t\t\t\t<div class=\"e-con-inner\">\n\t\t<div class=\"elementor-element elementor-element-af2ca0d e-con-full e-flex e-con e-child\" data-id=\"af2ca0d\" data-element_type=\"container\" data-e-type=\"container\">\n\t\t\t\t<div class=\"elementor-element elementor-element-7ce6bcb at-heading-animation at-animation-heading-none elementor-widget elementor-widget-heading\" data-id=\"7ce6bcb\" data-element_type=\"widget\" data-e-type=\"widget\" data-settings=\"{&quot;ekit_we_effect_on&quot;:&quot;none&quot;}\" data-widget_type=\"heading.default\">\n\t\t\t\t\t<h2 class=\"elementor-heading-title elementor-size-default\">Unsere App herunterladen f\u00fcr ein schnelleres und einfacheres Buchungserlebnis<\/h2>\t\t\t\t<\/div>\n\t\t\t\t<\/div>\n\t\t<div class=\"elementor-element elementor-element-421f59a e-con-full e-flex e-con e-child\" data-id=\"421f59a\" data-element_type=\"container\" data-e-type=\"container\">\n\t\t<div class=\"elementor-element elementor-element-a741a99 e-con-full e-flex e-con e-child\" data-id=\"a741a99\" data-element_type=\"container\" data-e-type=\"container\">\n\t\t\t\t<div class=\"elementor-element elementor-element-ead0d2e e-transform e-transform at-image-animation at-animation-image-none at-none elementor-widget elementor-widget-image\" data-id=\"ead0d2e\" data-element_type=\"widget\" data-e-type=\"widget\" data-settings=\"{&quot;_transform_scale_effect_hover&quot;:{&quot;unit&quot;:&quot;px&quot;,&quot;size&quot;:1.1,&quot;sizes&quot;:[]},&quot;ekit_we_effect_on&quot;:&quot;none&quot;,&quot;_transform_scaleX_effect&quot;:{&quot;unit&quot;:&quot;px&quot;,&quot;size&quot;:&quot;&quot;,&quot;sizes&quot;:[]},&quot;_transform_scaleX_effect_tablet&quot;:{&quot;unit&quot;:&quot;px&quot;,&quot;size&quot;:&quot;&quot;,&quot;sizes&quot;:[]},&quot;_transform_scaleX_effect_mobile&quot;:{&quot;unit&quot;:&quot;px&quot;,&quot;size&quot;:&quot;&quot;,&quot;sizes&quot;:[]},&quot;_transform_scaleY_effect&quot;:{&quot;unit&quot;:&quot;px&quot;,&quot;size&quot;:&quot;&quot;,&quot;sizes&quot;:[]},&quot;_transform_scaleY_effect_tablet&quot;:{&quot;unit&quot;:&quot;px&quot;,&quot;size&quot;:&quot;&quot;,&quot;sizes&quot;:[]},&quot;_transform_scaleY_effect_mobile&quot;:{&quot;unit&quot;:&quot;px&quot;,&quot;size&quot;:&quot;&quot;,&quot;sizes&quot;:[]},&quot;_transform_scale_effect_hover_tablet&quot;:{&quot;unit&quot;:&quot;px&quot;,&quot;size&quot;:&quot;&quot;,&quot;sizes&quot;:[]},&quot;_transform_scale_effect_hover_mobile&quot;:{&quot;unit&quot;:&quot;px&quot;,&quot;size&quot;:&quot;&quot;,&quot;sizes&quot;:[]}}\" data-widget_type=\"image.default\">\n\t\t\t\t\t\t\t\t\t\t\t\t\t\t\t\t<a href=\"https:\/\/play.google.com\/store\/apps\/details?id=com.flit2go.fetajorentacar&#038;hl=es_419&#038;pli=1\" target=\"_blank\" rel=\"noopener\">\n\t\t\t\t\t\t\t<img decoding=\"async\" width=\"300\" height=\"89\" src=\"https:\/\/fetajorentacar.com\/wp-content\/uploads\/2024\/06\/1nZu0dsnlCQltPT1QMCHFAA-1.webp\" class=\"attachment-large size-large wp-image-8032\" alt=\"App Fetajo Rent a Car \u2014 pantalla de b\u00fasqueda coche alquiler M\u00e1laga\" \/>\t\t\t\t\t\t\t\t<\/a>\n\t\t\t\t\t\t\t\t\t\t\t\t\t\t\t<\/div>\n\t\t\t\t<div class=\"elementor-element elementor-element-cefc991 e-transform at-image-animation at-animation-image-none at-none elementor-widget elementor-widget-image\" data-id=\"cefc991\" data-element_type=\"widget\" data-e-type=\"widget\" data-settings=\"{&quot;_transform_scale_effect_hover&quot;:{&quot;unit&quot;:&quot;px&quot;,&quot;size&quot;:1.1,&quot;sizes&quot;:[]},&quot;ekit_we_effect_on&quot;:&quot;none&quot;,&quot;_transform_scale_effect_hover_tablet&quot;:{&quot;unit&quot;:&quot;px&quot;,&quot;size&quot;:&quot;&quot;,&quot;sizes&quot;:[]},&quot;_transform_scale_effect_hover_mobile&quot;:{&quot;unit&quot;:&quot;px&quot;,&quot;size&quot;:&quot;&quot;,&quot;sizes&quot;:[]}}\" data-widget_type=\"image.default\">\n\t\t\t\t\t\t\t\t\t\t\t\t\t\t\t\t<a href=\"https:\/\/apps.apple.com\/es\/app\/fetajo-rent-a-car\/id6478975450\" target=\"_blank\" rel=\"noopener\">\n\t\t\t\t\t\t\t<img decoding=\"async\" width=\"300\" height=\"89\" src=\"https:\/\/fetajorentacar.com\/wp-content\/uploads\/2024\/06\/1xqT83bMEz92IBYxS9UQNow-1.webp\" class=\"attachment-large size-large wp-image-8030\" alt=\"App Fetajo Rent a Car \u2014 interfaz reserva de coche en M\u00e1laga\" \/>\t\t\t\t\t\t\t\t<\/a>\n\t\t\t\t\t\t\t\t\t\t\t\t\t\t\t<\/div>\n\t\t\t\t<\/div>\n\t\t\t\t<\/div>\n\t\t\t\t\t<\/div>\n\t\t\t\t<\/div>\n\t\t\t\t<section class=\"elementor-section elementor-top-section elementor-element elementor-element-9b19039 elementor-section-height-min-height elementor-section-boxed elementor-section-height-default elementor-section-items-middle\" data-id=\"9b19039\" data-element_type=\"section\" data-e-type=\"section\" data-settings=\"{&quot;background_background&quot;:&quot;classic&quot;}\">\n\t\t\t\t\t\t<div class=\"elementor-container elementor-column-gap-default\">\n\t\t\t\t\t<div class=\"elementor-column elementor-col-100 elementor-top-column elementor-element elementor-element-775ca9c\" data-id=\"775ca9c\" data-element_type=\"column\" data-e-type=\"column\">\n\t\t\t<div class=\"elementor-widget-wrap elementor-element-populated\">\n\t\t\t\t\t\t<div class=\"elementor-element elementor-element-568dad2 elementor-drop-cap-yes elementor-drop-cap-view-default elementor-widget elementor-widget-text-editor\" data-id=\"568dad2\" data-element_type=\"widget\" data-e-type=\"widget\" data-settings=\"{&quot;drop_cap&quot;:&quot;yes&quot;,&quot;ekit_we_effect_on&quot;:&quot;none&quot;}\" data-widget_type=\"text-editor.default\">\n\t\t\t\t\t\t\t\t\t<p><div id='topFrame'><\/div><iframe src=https:\/\/web-subscription.flit2go.com\/#\/v2\/subscription\/?apiKey=ea88e48f-954b-480a-8e17-81859ae1dece#?lang=de#?categoryId=#?fontUrl=#?fontName=#?filter= style=min-height:100vh;width:100%;height:100vh; frameborder=0 id='iframeFlit2go'><\/iframe><\/p><script src='https:\/\/scripts-frame-web.s3.eu-west-1.amazonaws.com\/iframeResizer.min.js'><\/script>\r\n    <script>iFrameResize({ log: true }, '#iframeFlit2go');<\/script><script src='https:\/\/scripts-frame-web.s3.eu-west-1.amazonaws.com\/iframeFlit2go.min.js?random=69fb2d6ba12dd''>\r\n    <\/script>\n<p>Der beste Auto-Abo-Service in M\u00e1laga. Wir haben eine gro\u00dfe Fahrzeugflotte, aus der Sie w\u00e4hlen k\u00f6nnen \u2014 G\u00fcnstigfahrzeuge, Cabrios, Vans, SUVs \u2014 die gr\u00f6\u00dfte Auswahl an Mietwagen an der Costa del Sol.<\/p>\t\t\t\t\t\t\t\t<\/div>\n\t\t\t\t\t<\/div>\n\t\t<\/div>\n\t\t\t\t\t<\/div>\n\t\t<\/section>\n\t\t<div class=\"elementor-element elementor-element-f6d734e e-flex e-con-boxed e-con e-parent\" data-id=\"f6d734e\" data-element_type=\"container\" data-e-type=\"container\">\n\t\t\t\t\t<div class=\"e-con-inner\">\n\t\t<div class=\"elementor-element elementor-element-7a91604 e-con-full e-flex e-con e-child\" data-id=\"7a91604\" data-element_type=\"container\" data-e-type=\"container\">\n\t\t\t\t<div class=\"elementor-element elementor-element-618e79a section-title at-heading-animation at-animation-heading-none elementor-invisible elementor-widget elementor-widget-heading\" data-id=\"618e79a\" data-element_type=\"widget\" data-e-type=\"widget\" data-settings=\"{&quot;_animation&quot;:&quot;fadeInUp&quot;,&quot;ekit_we_effect_on&quot;:&quot;none&quot;}\" data-widget_type=\"heading.default\">\n\t\t\t\t\t<h3 class=\"elementor-heading-title elementor-size-default\">Auto-Abo<\/h3>\t\t\t\t<\/div>\n\t\t\t\t<div class=\"elementor-element elementor-element-f6f877e at-heading-animation at-animation-heading-style-2 elementor-widget elementor-widget-heading\" data-id=\"f6f877e\" data-element_type=\"widget\" data-e-type=\"widget\" data-settings=\"{&quot;ekit_we_effect_on&quot;:&quot;none&quot;}\" data-widget_type=\"heading.default\">\n\t\t\t\t\t<h2 class=\"elementor-heading-title elementor-size-default\">Noch Fragen?<\/h2>\t\t\t\t<\/div>\n\t\t\t\t<div class=\"elementor-element elementor-element-8f53483 elementor-widget__width-initial elementor-invisible elementor-widget elementor-widget-text-editor\" data-id=\"8f53483\" data-element_type=\"widget\" data-e-type=\"widget\" data-settings=\"{&quot;_animation&quot;:&quot;fadeInUp&quot;,&quot;_animation_delay&quot;:100,&quot;ekit_we_effect_on&quot;:&quot;none&quot;}\" data-widget_type=\"text-editor.default\">\n\t\t\t\t\t\t\t\t\t<p>The best car subscription service in Malaga. We have a large fleet of cars among which you can choose cheap, convertibles, monovolumen, SUV \u2026 the largest range of rental cars on the <a href=\"https:\/\/www.google.com\/maps\/place\/Fetajo+Rent+a+Car+-+Aeropuerto+de+M%C3%A1laga\/@36.674266,-4.4865207,17z\/data=!3m1!4b1!4m5!3m4!1s0x0:0x580a8218b16fd8cd!8m2!3d36.674266!4d-4.484332\" target=\"_blank\" rel=\"noopener\">Costa del Sol<\/a>.<\/p>\t\t\t\t\t\t\t\t<\/div>\n\t\t<div class=\"elementor-element elementor-element-c25c216 e-con-full e-flex e-con e-child\" data-id=\"c25c216\" data-element_type=\"container\" data-e-type=\"container\">\n\t\t<div class=\"elementor-element elementor-element-020928e e-con-full e-flex e-con e-child\" data-id=\"020928e\" data-element_type=\"container\" data-e-type=\"container\">\n\t\t\t\t<div class=\"elementor-element elementor-element-e4d050d goals-item ekit-equal-height-enable elementor-widget-mobile__width-inherit elementor-invisible elementor-widget elementor-widget-elementskit-icon-box\" data-id=\"e4d050d\" data-element_type=\"widget\" data-e-type=\"widget\" data-settings=\"{&quot;_animation&quot;:&quot;fadeInUp&quot;,&quot;ekit_we_effect_on&quot;:&quot;none&quot;}\" data-widget_type=\"elementskit-icon-box.default\">\n\t\t\t\t\t<div class=\"ekit-wid-con\" >        <!-- link opening -->\n                <!-- end link opening -->\n\n        <div class=\"elementskit-infobox text-left text-left icon-top-align elementor-animation-  gradient-active  hover_from_bottom\">\n                    <div class=\"elementskit-box-header elementor-animation-\">\n                <div class=\"elementskit-info-box-icon  \">\n                    <svg aria-hidden=\"true\" class=\"elementkit-infobox-icon e-font-icon-svg e-fas-question\" viewBox=\"0 0 384 512\" xmlns=\"http:\/\/www.w3.org\/2000\/svg\"><path d=\"M202.021 0C122.202 0 70.503 32.703 29.914 91.026c-7.363 10.58-5.093 25.086 5.178 32.874l43.138 32.709c10.373 7.865 25.132 6.026 33.253-4.148 25.049-31.381 43.63-49.449 82.757-49.449 30.764 0 68.816 19.799 68.816 49.631 0 22.552-18.617 34.134-48.993 51.164-35.423 19.86-82.299 44.576-82.299 106.405V320c0 13.255 10.745 24 24 24h72.471c13.255 0 24-10.745 24-24v-5.773c0-42.86 125.268-44.645 125.268-160.627C377.504 66.256 286.902 0 202.021 0zM192 373.459c-38.196 0-69.271 31.075-69.271 69.271 0 38.195 31.075 69.27 69.271 69.27s69.271-31.075 69.271-69.271-31.075-69.27-69.271-69.27z\"><\/path><\/svg>\n                <\/div>\n          <\/div>\n                        <div class=\"box-body\">\n                            <h3 class=\"elementskit-info-box-title\">\n                    FAQ ansehen                <\/h3>\n                        \t\t  \t<p>Your question might have been solved before. Don't hesitate if you need any other information.\n<\/p>\n                                        <div class=\"box-footer disable_hover_button\">\n                    <div class=\"btn-wraper\">\n                                                            <a class=\"elementskit-btn whitespace--normal\" href=\"https:\/\/fetajorentacar.com\/car-hire-malaga-faq\/\">\n                                                                                FAQs                                    <\/a>\n                                                        <\/div>\n                <\/div>\n                    <\/div>\n        \n        \n                <\/div>\n        <\/div>\t\t\t\t<\/div>\n\t\t\t\t<\/div>\n\t\t<div class=\"elementor-element elementor-element-8f87625 e-con-full e-flex e-con e-child\" data-id=\"8f87625\" data-element_type=\"container\" data-e-type=\"container\">\n\t\t\t\t<div class=\"elementor-element elementor-element-9aeb83e goals-item ekit-equal-height-enable elementor-widget-mobile__width-inherit elementor-invisible elementor-widget elementor-widget-elementskit-icon-box\" data-id=\"9aeb83e\" data-element_type=\"widget\" data-e-type=\"widget\" data-settings=\"{&quot;_animation&quot;:&quot;fadeInUp&quot;,&quot;ekit_we_effect_on&quot;:&quot;none&quot;}\" data-widget_type=\"elementskit-icon-box.default\">\n\t\t\t\t\t<div class=\"ekit-wid-con\" >        <!-- link opening -->\n                <!-- end link opening -->\n\n        <div class=\"elementskit-infobox text-left text-left icon-top-align elementor-animation-  gradient-active  hover_from_bottom\">\n                    <div class=\"elementskit-box-header elementor-animation-\">\n                <div class=\"elementskit-info-box-icon  \">\n                    <i aria-hidden=\"true\" class=\"elementkit-infobox-icon icon icon-smartphone\"><\/i>\n                <\/div>\n          <\/div>\n                        <div class=\"box-body\">\n                            <h3 class=\"elementskit-info-box-title\">\n                    Contact us                <\/h3>\n                        \t\t  \t<p>You can obtain 24hr road assistance in Fetajo Rent a Car. Feel free to contact us if you need any help.<\/p>\n                                        <div class=\"box-footer disable_hover_button\">\n                    <div class=\"btn-wraper\">\n                                                            <a class=\"elementskit-btn whitespace--normal\" href=\"https:\/\/fetajorentacar.com\/contact-us-rent-car-malaga-airport\/\">\n                                                                                Contact us                                    <\/a>\n                                                        <\/div>\n                <\/div>\n                    <\/div>\n        \n        \n                <\/div>\n        <\/div>\t\t\t\t<\/div>\n\t\t\t\t<\/div>\n\t\t\t\t<\/div>\n\t\t\t\t<\/div>\n\t\t\t\t\t<\/div>\n\t\t\t\t<\/div>\n\t\t\t\t<\/div>\n\t\t","protected":false},"excerpt":{"rendered":"<p>Auto-Abo M\u00e1laga \u2014 Beste Pl\u00e4ne ab 380\u20ac\/Monat Was ist ein Auto-Abo in [&hellip;]<\/p>\n","protected":false},"author":0,"featured_media":0,"parent":0,"menu_order":0,"comment_status":"closed","ping_status":"closed","template":"elementor_header_footer","meta":{"footnotes":""},"class_list":["post-12765","page","type-page","status-publish","hentry"],"_links":{"self":[{"href":"https:\/\/fetajorentacar.com\/de\/wp-json\/wp\/v2\/pages\/12765","targetHints":{"allow":["GET"]}}],"collection":[{"href":"https:\/\/fetajorentacar.com\/de\/wp-json\/wp\/v2\/pages"}],"about":[{"href":"https:\/\/fetajorentacar.com\/de\/wp-json\/wp\/v2\/types\/page"}],"replies":[{"embeddable":true,"href":"https:\/\/fetajorentacar.com\/de\/wp-json\/wp\/v2\/comments?post=12765"}],"version-history":[{"count":1,"href":"https:\/\/fetajorentacar.com\/de\/wp-json\/wp\/v2\/pages\/12765\/revisions"}],"predecessor-version":[{"id":13095,"href":"https:\/\/fetajorentacar.com\/de\/wp-json\/wp\/v2\/pages\/12765\/revisions\/13095"}],"wp:attachment":[{"href":"https:\/\/fetajorentacar.com\/de\/wp-json\/wp\/v2\/media?parent=12765"}],"curies":[{"name":"wp","href":"https:\/\/api.w.org\/{rel}","templated":true}]}}