{"id":12771,"date":"2026-04-15T15:28:36","date_gmt":"2026-04-15T15:28:36","guid":{"rendered":"https:\/\/fetajorentacar.com\/mietwagen-flughafen-malaga-flotte\/"},"modified":"2026-04-15T15:28:36","modified_gmt":"2026-04-15T15:28:36","slug":"mietwagen-flughafen-malaga-flotte","status":"publish","type":"page","link":"https:\/\/fetajorentacar.com\/de\/mietwagen-flughafen-malaga-flotte\/","title":{"rendered":"Mietwagen Flughafen M\u00e1laga &#8211; Beste Flotte"},"content":{"rendered":"<h1>Mietwagen Flughafen M\u00e1laga<\/h1>\n<p>Die gr\u00f6\u00dfte Fahrzeugflotte an der Costa del Sol. \u00dcber 4.000 Fahrzeuge vom Kleinwagen bis zum Luxusauto. Unbegrenzte Kilometer, Vollkaskoversicherung und keine versteckten Kosten. Direkte \u00dcbergabe am Ankunftsgate.<\/p>\n","protected":false},"excerpt":{"rendered":"<p>Mietwagen Flughafen M\u00e1laga Die gr\u00f6\u00dfte Fahrzeugflotte an der Costa del Sol. \u00dcber [&hellip;]<\/p>\n","protected":false},"author":0,"featured_media":0,"parent":0,"menu_order":0,"comment_status":"closed","ping_status":"closed","template":"","meta":{"footnotes":""},"class_list":["post-12771","page","type-page","status-publish","hentry"],"_links":{"self":[{"href":"https:\/\/fetajorentacar.com\/de\/wp-json\/wp\/v2\/pages\/12771","targetHints":{"allow":["GET"]}}],"collection":[{"href":"https:\/\/fetajorentacar.com\/de\/wp-json\/wp\/v2\/pages"}],"about":[{"href":"https:\/\/fetajorentacar.com\/de\/wp-json\/wp\/v2\/types\/page"}],"replies":[{"embeddable":true,"href":"https:\/\/fetajorentacar.com\/de\/wp-json\/wp\/v2\/comments?post=12771"}],"version-history":[{"count":0,"href":"https:\/\/fetajorentacar.com\/de\/wp-json\/wp\/v2\/pages\/12771\/revisions"}],"wp:attachment":[{"href":"https:\/\/fetajorentacar.com\/de\/wp-json\/wp\/v2\/media?parent=12771"}],"curies":[{"name":"wp","href":"https:\/\/api.w.org\/{rel}","templated":true}]}}