{"id":12774,"date":"2026-04-15T15:28:38","date_gmt":"2026-04-15T15:28:38","guid":{"rendered":"https:\/\/fetajorentacar.com\/blog-mietwagen-malaga\/"},"modified":"2026-04-15T15:28:38","modified_gmt":"2026-04-15T15:28:38","slug":"blog-mietwagen-malaga","status":"publish","type":"page","link":"https:\/\/fetajorentacar.com\/de\/blog-mietwagen-malaga\/","title":{"rendered":"Blog Mietwagen M\u00e1laga"},"content":{"rendered":"<h1>Blog \u2013 Mietwagen M\u00e1laga &#038; Costa del Sol<\/h1>\n<p>Entdecken Sie unsere Reisef\u00fchrer, Tipps und Golf-Guides f\u00fcr M\u00e1laga und die Costa del Sol. Alles was Sie f\u00fcr Ihren Urlaub mit dem Mietwagen brauchen.<\/p>\n","protected":false},"excerpt":{"rendered":"<p>Blog \u2013 Mietwagen M\u00e1laga &#038; Costa del Sol Entdecken Sie unsere Reisef\u00fchrer, [&hellip;]<\/p>\n","protected":false},"author":0,"featured_media":0,"parent":0,"menu_order":0,"comment_status":"closed","ping_status":"closed","template":"","meta":{"footnotes":""},"class_list":["post-12774","page","type-page","status-publish","hentry"],"_links":{"self":[{"href":"https:\/\/fetajorentacar.com\/de\/wp-json\/wp\/v2\/pages\/12774","targetHints":{"allow":["GET"]}}],"collection":[{"href":"https:\/\/fetajorentacar.com\/de\/wp-json\/wp\/v2\/pages"}],"about":[{"href":"https:\/\/fetajorentacar.com\/de\/wp-json\/wp\/v2\/types\/page"}],"replies":[{"embeddable":true,"href":"https:\/\/fetajorentacar.com\/de\/wp-json\/wp\/v2\/comments?post=12774"}],"version-history":[{"count":0,"href":"https:\/\/fetajorentacar.com\/de\/wp-json\/wp\/v2\/pages\/12774\/revisions"}],"wp:attachment":[{"href":"https:\/\/fetajorentacar.com\/de\/wp-json\/wp\/v2\/media?parent=12774"}],"curies":[{"name":"wp","href":"https:\/\/api.w.org\/{rel}","templated":true}]}}