{"id":12879,"date":"2026-04-15T17:32:51","date_gmt":"2026-04-15T17:32:51","guid":{"rendered":"https:\/\/fetajorentacar.com\/alquiler-coches-fuengirola\/"},"modified":"2026-04-15T17:32:51","modified_gmt":"2026-04-15T17:32:51","slug":"alquiler-coches-fuengirola","status":"publish","type":"page","link":"https:\/\/fetajorentacar.com\/es\/alquiler-coches-fuengirola\/","title":{"rendered":"Alquiler de Coches en Fuengirola | Fetajo"},"content":{"rendered":"<p>\u00bfBuscas alquiler de coches en <strong>Fuengirola<\/strong>? Con Fetajo tienes tu veh\u00edculo esper\u00e1ndote directamente en las llegadas del Aeropuerto de M\u00e1laga, sin minib\u00fas ni esperas. Descubre Fuengirola y toda la Costa del Sol a tu ritmo.<\/p>\n<p><strong>Reserva directamente y conduce desde el primer momento.<\/strong><\/p>\n","protected":false},"excerpt":{"rendered":"<p>\u00bfBuscas alquiler de coches en Fuengirola? Con Fetajo tienes tu veh\u00edculo esper\u00e1ndote [&hellip;]<\/p>\n","protected":false},"author":1,"featured_media":0,"parent":0,"menu_order":0,"comment_status":"closed","ping_status":"closed","template":"","meta":{"footnotes":""},"class_list":["post-12879","page","type-page","status-publish","hentry"],"_links":{"self":[{"href":"https:\/\/fetajorentacar.com\/es\/wp-json\/wp\/v2\/pages\/12879","targetHints":{"allow":["GET"]}}],"collection":[{"href":"https:\/\/fetajorentacar.com\/es\/wp-json\/wp\/v2\/pages"}],"about":[{"href":"https:\/\/fetajorentacar.com\/es\/wp-json\/wp\/v2\/types\/page"}],"author":[{"embeddable":true,"href":"https:\/\/fetajorentacar.com\/es\/wp-json\/wp\/v2\/users\/1"}],"replies":[{"embeddable":true,"href":"https:\/\/fetajorentacar.com\/es\/wp-json\/wp\/v2\/comments?post=12879"}],"version-history":[{"count":0,"href":"https:\/\/fetajorentacar.com\/es\/wp-json\/wp\/v2\/pages\/12879\/revisions"}],"wp:attachment":[{"href":"https:\/\/fetajorentacar.com\/es\/wp-json\/wp\/v2\/media?parent=12879"}],"curies":[{"name":"wp","href":"https:\/\/api.w.org\/{rel}","templated":true}]}}