{"id":12883,"date":"2026-04-15T17:32:54","date_gmt":"2026-04-15T17:32:54","guid":{"rendered":"https:\/\/fetajorentacar.com\/alquiler-coches-benalmadena\/"},"modified":"2026-04-15T17:32:54","modified_gmt":"2026-04-15T17:32:54","slug":"alquiler-coches-benalmadena","status":"publish","type":"page","link":"https:\/\/fetajorentacar.com\/es\/alquiler-coches-benalmadena\/","title":{"rendered":"Alquiler de Coches en Benalm\u00e1dena | Sin Cola | Fetajo"},"content":{"rendered":"<p>Alquila tu coche en <strong>Benalm\u00e1dena<\/strong> con Fetajo. Recoge tu veh\u00edculo directamente en las llegadas del Aeropuerto de M\u00e1laga. Sin minib\u00fas, sin esperas. Descubre el Castillo Colomares y Benalm\u00e1dena Pueblo.<\/p>\n<p><strong>Reserva directamente y conduce desde el primer momento.<\/strong><\/p>\n","protected":false},"excerpt":{"rendered":"<p>Alquila tu coche en Benalm\u00e1dena con Fetajo. Recoge tu veh\u00edculo directamente en [&hellip;]<\/p>\n","protected":false},"author":1,"featured_media":12692,"parent":0,"menu_order":0,"comment_status":"closed","ping_status":"closed","template":"","meta":{"footnotes":""},"class_list":["post-12883","page","type-page","status-publish","has-post-thumbnail","hentry"],"_links":{"self":[{"href":"https:\/\/fetajorentacar.com\/es\/wp-json\/wp\/v2\/pages\/12883","targetHints":{"allow":["GET"]}}],"collection":[{"href":"https:\/\/fetajorentacar.com\/es\/wp-json\/wp\/v2\/pages"}],"about":[{"href":"https:\/\/fetajorentacar.com\/es\/wp-json\/wp\/v2\/types\/page"}],"author":[{"embeddable":true,"href":"https:\/\/fetajorentacar.com\/es\/wp-json\/wp\/v2\/users\/1"}],"replies":[{"embeddable":true,"href":"https:\/\/fetajorentacar.com\/es\/wp-json\/wp\/v2\/comments?post=12883"}],"version-history":[{"count":0,"href":"https:\/\/fetajorentacar.com\/es\/wp-json\/wp\/v2\/pages\/12883\/revisions"}],"wp:featuredmedia":[{"embeddable":true,"href":"https:\/\/fetajorentacar.com\/es\/wp-json\/wp\/v2\/media\/12692"}],"wp:attachment":[{"href":"https:\/\/fetajorentacar.com\/es\/wp-json\/wp\/v2\/media?parent=12883"}],"curies":[{"name":"wp","href":"https:\/\/api.w.org\/{rel}","templated":true}]}}