{"id":8365,"date":"2025-02-07T20:15:13","date_gmt":"2025-02-07T20:15:13","guid":{"rendered":"https:\/\/fetajorentacar.com\/suscripcion-2\/"},"modified":"2026-04-04T14:17:34","modified_gmt":"2026-04-04T14:17:34","slug":"suscripcion-de-coches","status":"publish","type":"page","link":"https:\/\/fetajorentacar.com\/es\/suscripcion-de-coches\/","title":{"rendered":"Suscripci\u00f3n de coches M\u00e1laga &#8211; Mejores Planes desde 380\u20ac\/Mes"},"content":{"rendered":"\t\t<div data-elementor-type=\"wp-page\" data-elementor-id=\"8365\" class=\"elementor elementor-8365 elementor-7815\" data-elementor-post-type=\"page\">\n\t\t\t\t<div class=\"elementor-element elementor-element-1cf80fb e-con-full e-flex e-con e-parent\" data-id=\"1cf80fb\" data-element_type=\"container\" data-e-type=\"container\">\n\t\t<div class=\"elementor-element elementor-element-0110323 border-radius-section e-flex e-con-boxed e-con e-child\" data-id=\"0110323\" data-element_type=\"container\" data-e-type=\"container\" data-settings=\"{&quot;background_background&quot;:&quot;gradient&quot;}\">\n\t\t\t\t\t<div class=\"e-con-inner\">\n\t\t<div class=\"elementor-element elementor-element-fee12ed e-con-full e-flex e-con e-child\" data-id=\"fee12ed\" data-element_type=\"container\" data-e-type=\"container\">\n\t\t\t\t<div class=\"elementor-element elementor-element-c720bd9 at-heading-animation at-animation-heading-style-2 elementor-widget elementor-widget-heading\" data-id=\"c720bd9\" data-element_type=\"widget\" data-e-type=\"widget\" data-settings=\"{&quot;ekit_we_effect_on&quot;:&quot;none&quot;}\" data-widget_type=\"heading.default\">\n\t\t\t\t\t<h1 class=\"elementor-heading-title elementor-size-default\">Suscripci\u00f3n de coches M\u00e1laga &#8211; Mejores Planes desde 380\u20ac\/Mes<\/h1>\t\t\t\t<\/div>\n\t\t\t\t<\/div>\n\t\t<div class=\"elementor-element elementor-element-4b8e154 e-con-full e-flex e-con e-child\" data-id=\"4b8e154\" data-element_type=\"container\" data-e-type=\"container\">\n\t\t\t\t<div class=\"elementor-element elementor-element-61e2842 hero-image at-image-animation at-animation-image-none at-none elementor-widget elementor-widget-image\" data-id=\"61e2842\" data-element_type=\"widget\" data-e-type=\"widget\" data-settings=\"{&quot;ekit_we_effect_on&quot;:&quot;none&quot;}\" data-widget_type=\"image.default\">\n\t\t\t\t\t\t\t\t\t\t\t\t\t\t\t<img fetchpriority=\"high\" decoding=\"async\" width=\"750\" height=\"384\" src=\"https:\/\/fetajorentacar.com\/wp-content\/uploads\/2025\/10\/Fetajo-Rent-a-Car-Car-hire-Malaga-Airport-in-Costa-del-Sol-Malaga-5.webp\" class=\"attachment-full size-full wp-image-11000\" alt=\"Coche rojo Toyota disponible para suscripci\u00f3n de coches mensual y alquiler de coches flexible en M\u00e1laga \u2014 Fetajo Rent a Car. Fetajo Rent a Car \u2014 Suscripci\u00f3n de coche y alquiler de coches en el Aeropuerto de M\u00e1laga, Costa del Sol.\" srcset=\"https:\/\/fetajorentacar.com\/wp-content\/uploads\/2025\/10\/Fetajo-Rent-a-Car-Car-hire-Malaga-Airport-in-Costa-del-Sol-Malaga-5.webp 750w, https:\/\/fetajorentacar.com\/wp-content\/uploads\/2025\/10\/Fetajo-Rent-a-Car-Car-hire-Malaga-Airport-in-Costa-del-Sol-Malaga-5-300x154.webp 300w\" sizes=\"(max-width: 750px) 100vw, 750px\" \/>\t\t\t\t\t\t\t\t\t\t\t\t\t\t\t<\/div>\n\t\t\t\t<\/div>\n\t\t\t\t\t<\/div>\n\t\t\t\t<\/div>\n\t\t<div class=\"elementor-element elementor-element-182e751 e-con-full e-flex e-con e-child\" data-id=\"182e751\" data-element_type=\"container\" data-e-type=\"container\">\n\t\t\t\t<div class=\"elementor-element elementor-element-aa7152c at-heading-animation at-animation-heading-none elementor-widget elementor-widget-heading\" data-id=\"aa7152c\" data-element_type=\"widget\" data-e-type=\"widget\" data-settings=\"{&quot;ekit_we_effect_on&quot;:&quot;none&quot;}\" data-widget_type=\"heading.default\">\n\t\t\t\t\t<h2 class=\"elementor-heading-title elementor-size-default\">\u00bfQu\u00e9 es una suscripci\u00f3n de coches en M\u00e1laga <br>y por qu\u00e9 es m\u00e1s inteligente que un alquiler est\u00e1ndar?<\/h2>\t\t\t\t<\/div>\n\t\t\t\t<div class=\"elementor-element elementor-element-8217c68 elementor-widget elementor-widget-n-accordion\" data-id=\"8217c68\" data-element_type=\"widget\" data-e-type=\"widget\" data-settings=\"{&quot;default_state&quot;:&quot;all_collapsed&quot;,&quot;max_items_expended&quot;:&quot;one&quot;,&quot;n_accordion_animation_duration&quot;:{&quot;unit&quot;:&quot;ms&quot;,&quot;size&quot;:400,&quot;sizes&quot;:[]},&quot;ekit_we_effect_on&quot;:&quot;none&quot;}\" data-widget_type=\"nested-accordion.default\">\n\t\t\t\t\t\t\t<div class=\"e-n-accordion\" aria-label=\"Accordion. Open links with Enter or Space, close with Escape, and navigate with Arrow Keys\">\n\t\t\t\t\t\t<details id=\"e-n-accordion-item-1360\" class=\"e-n-accordion-item\" >\n\t\t\t\t<summary class=\"e-n-accordion-item-title\" data-accordion-index=\"1\" tabindex=\"0\" aria-expanded=\"false\" aria-controls=\"e-n-accordion-item-1360\" >\n\t\t\t\t\t<span class='e-n-accordion-item-title-header'><div class=\"e-n-accordion-item-title-text\"> Una suscripci\u00f3n de coches M\u00e1laga <\/div><\/span>\n\t\t\t\t\t\t\t\t\t<\/summary>\n\t\t\t\t<div role=\"region\" aria-labelledby=\"e-n-accordion-item-1360\" class=\"elementor-element elementor-element-4bd7aaa e-con-full e-flex e-con e-child\" data-id=\"4bd7aaa\" data-element_type=\"container\" data-e-type=\"container\">\n\t\t\t\t<div class=\"elementor-element elementor-element-b23a9bf elementor-widget elementor-widget-text-editor\" data-id=\"b23a9bf\" data-element_type=\"widget\" data-e-type=\"widget\" data-settings=\"{&quot;ekit_we_effect_on&quot;:&quot;none&quot;}\" data-widget_type=\"text-editor.default\">\n\t\t\t\t\t\t\t\t\t<p>Un abono de coche M\u00e1laga te da acceso total a un veh\u00edculo de 1 a 9 meses, con seguro, mantenimiento y asistencia en carretera ya incluidos en un precio fijo mensual. Sin sorpresas ni cargos ocultos. <\/p><p>A diferencia de un <a href=\"https:\/\/fetajorentacar.com\/es\/preguntas-frecuentes-alquiler-de-coches-en-malaga\/\">alquiler de coches<\/a> en M\u00e1laga tradicional, no pagas por d\u00eda, sino por mes. Eso lo convierte en la soluci\u00f3n ideal para expatriados, n\u00f3madas digitales, turistas de larga estancia y cualquiera que se traslade a la Costa del Sol y necesite un coche fiable sin firmar un contrato de alquiler a largo plazo. <\/p><p><strong><a href=\"https:\/\/fetajorentacar.com\/es\/sobre-nosotros-alquiler-coches-malaga\/\">Fetajo Rent a Car<\/a><\/strong> lleva ofreciendo alquiler de coches flexible en M\u00e1laga desde 1982. Nuestra flota incluye m\u00e1s de 27 modelos &#8211; desde coches urbanos compactos hasta todoterrenos &#8211; todos disponibles desde 380\u20ac\/mes en el Aeropuerto de M\u00e1laga. <\/p><p style=\"text-align: center;\"><strong>\u2714 Seguro incluido &#8211; \u2714 Mantenimiento incluido &#8211; \u2714 No se requiere tarjeta de cr\u00e9dito &#8211; \u2714 Cancela cuando quieras<\/strong><\/p>\t\t\t\t\t\t\t\t<\/div>\n\t\t\t\t<\/div>\n\t\t\t\t\t<\/details>\n\t\t\t\t\t<\/div>\n\t\t\t\t\t\t<\/div>\n\t\t\t\t<\/div>\n\t\t\t\t<\/div>\n\t\t<div class=\"elementor-element elementor-element-d6003b3 e-flex e-con-boxed e-con e-parent\" data-id=\"d6003b3\" data-element_type=\"container\" data-e-type=\"container\">\n\t\t\t\t\t<div class=\"e-con-inner\">\n\t\t<div class=\"elementor-element elementor-element-af2ca0d e-con-full e-flex e-con e-child\" data-id=\"af2ca0d\" data-element_type=\"container\" data-e-type=\"container\">\n\t\t\t\t<div class=\"elementor-element elementor-element-7ce6bcb at-heading-animation at-animation-heading-none elementor-widget elementor-widget-heading\" data-id=\"7ce6bcb\" data-element_type=\"widget\" data-e-type=\"widget\" data-settings=\"{&quot;ekit_we_effect_on&quot;:&quot;none&quot;}\" data-widget_type=\"heading.default\">\n\t\t\t\t\t<h2 class=\"elementor-heading-title elementor-size-default\">Descarga nuestra app para una experiencia de reserva m\u00e1s r\u00e1pida y sencilla. <\/h2>\t\t\t\t<\/div>\n\t\t\t\t<\/div>\n\t\t<div class=\"elementor-element elementor-element-421f59a e-con-full e-flex e-con e-child\" data-id=\"421f59a\" data-element_type=\"container\" data-e-type=\"container\">\n\t\t<div class=\"elementor-element elementor-element-a741a99 e-con-full e-flex e-con e-child\" data-id=\"a741a99\" data-element_type=\"container\" data-e-type=\"container\">\n\t\t\t\t<div class=\"elementor-element elementor-element-ead0d2e e-transform e-transform at-image-animation at-animation-image-none at-none elementor-widget elementor-widget-image\" data-id=\"ead0d2e\" data-element_type=\"widget\" data-e-type=\"widget\" data-settings=\"{&quot;_transform_scale_effect_hover&quot;:{&quot;unit&quot;:&quot;px&quot;,&quot;size&quot;:1.1,&quot;sizes&quot;:[]},&quot;ekit_we_effect_on&quot;:&quot;none&quot;,&quot;_transform_scaleX_effect&quot;:{&quot;unit&quot;:&quot;px&quot;,&quot;size&quot;:&quot;&quot;,&quot;sizes&quot;:[]},&quot;_transform_scaleX_effect_tablet&quot;:{&quot;unit&quot;:&quot;px&quot;,&quot;size&quot;:&quot;&quot;,&quot;sizes&quot;:[]},&quot;_transform_scaleX_effect_mobile&quot;:{&quot;unit&quot;:&quot;px&quot;,&quot;size&quot;:&quot;&quot;,&quot;sizes&quot;:[]},&quot;_transform_scaleY_effect&quot;:{&quot;unit&quot;:&quot;px&quot;,&quot;size&quot;:&quot;&quot;,&quot;sizes&quot;:[]},&quot;_transform_scaleY_effect_tablet&quot;:{&quot;unit&quot;:&quot;px&quot;,&quot;size&quot;:&quot;&quot;,&quot;sizes&quot;:[]},&quot;_transform_scaleY_effect_mobile&quot;:{&quot;unit&quot;:&quot;px&quot;,&quot;size&quot;:&quot;&quot;,&quot;sizes&quot;:[]},&quot;_transform_scale_effect_hover_tablet&quot;:{&quot;unit&quot;:&quot;px&quot;,&quot;size&quot;:&quot;&quot;,&quot;sizes&quot;:[]},&quot;_transform_scale_effect_hover_mobile&quot;:{&quot;unit&quot;:&quot;px&quot;,&quot;size&quot;:&quot;&quot;,&quot;sizes&quot;:[]}}\" data-widget_type=\"image.default\">\n\t\t\t\t\t\t\t\t\t\t\t\t\t\t\t\t<a href=\"https:\/\/play.google.com\/store\/apps\/details?id=com.flit2go.fetajorentacar&#038;hl=es_419&#038;pli=1\" target=\"_blank\" rel=\"noopener\">\n\t\t\t\t\t\t\t<img decoding=\"async\" width=\"300\" height=\"89\" src=\"https:\/\/fetajorentacar.com\/wp-content\/uploads\/2024\/06\/1nZu0dsnlCQltPT1QMCHFAA-1.webp\" class=\"attachment-large size-large wp-image-8031\" alt=\"1Nzu0Dsnlcqltpt1Qmchfaa 1\" \/>\t\t\t\t\t\t\t\t<\/a>\n\t\t\t\t\t\t\t\t\t\t\t\t\t\t\t<\/div>\n\t\t\t\t<div class=\"elementor-element elementor-element-cefc991 e-transform at-image-animation at-animation-image-none at-none elementor-widget elementor-widget-image\" data-id=\"cefc991\" data-element_type=\"widget\" data-e-type=\"widget\" data-settings=\"{&quot;_transform_scale_effect_hover&quot;:{&quot;unit&quot;:&quot;px&quot;,&quot;size&quot;:1.1,&quot;sizes&quot;:[]},&quot;ekit_we_effect_on&quot;:&quot;none&quot;,&quot;_transform_scale_effect_hover_tablet&quot;:{&quot;unit&quot;:&quot;px&quot;,&quot;size&quot;:&quot;&quot;,&quot;sizes&quot;:[]},&quot;_transform_scale_effect_hover_mobile&quot;:{&quot;unit&quot;:&quot;px&quot;,&quot;size&quot;:&quot;&quot;,&quot;sizes&quot;:[]}}\" data-widget_type=\"image.default\">\n\t\t\t\t\t\t\t\t\t\t\t\t\t\t\t\t<a href=\"https:\/\/apps.apple.com\/es\/app\/fetajo-rent-a-car\/id6478975450\" target=\"_blank\" rel=\"noopener\">\n\t\t\t\t\t\t\t<img decoding=\"async\" width=\"300\" height=\"89\" src=\"https:\/\/fetajorentacar.com\/wp-content\/uploads\/2024\/06\/1xqT83bMEz92IBYxS9UQNow-1.webp\" class=\"attachment-large size-large wp-image-8029\" alt=\"1Xqt83Bmez92Ibyxs9Uqnow 1\" \/>\t\t\t\t\t\t\t\t<\/a>\n\t\t\t\t\t\t\t\t\t\t\t\t\t\t\t<\/div>\n\t\t\t\t<\/div>\n\t\t\t\t<\/div>\n\t\t\t\t\t<\/div>\n\t\t\t\t<\/div>\n\t\t\t\t<section class=\"elementor-section elementor-top-section elementor-element elementor-element-9b19039 elementor-section-boxed elementor-section-height-default elementor-section-height-default\" data-id=\"9b19039\" data-element_type=\"section\" data-e-type=\"section\" data-settings=\"{&quot;background_background&quot;:&quot;classic&quot;}\">\n\t\t\t\t\t\t<div class=\"elementor-container elementor-column-gap-default\">\n\t\t\t\t\t<div class=\"elementor-column elementor-col-100 elementor-top-column elementor-element elementor-element-775ca9c\" data-id=\"775ca9c\" data-element_type=\"column\" data-e-type=\"column\">\n\t\t\t<div class=\"elementor-widget-wrap elementor-element-populated\">\n\t\t\t\t\t\t<div class=\"elementor-element elementor-element-568dad2 elementor-drop-cap-yes elementor-drop-cap-view-default elementor-widget elementor-widget-text-editor\" data-id=\"568dad2\" data-element_type=\"widget\" data-e-type=\"widget\" data-settings=\"{&quot;drop_cap&quot;:&quot;yes&quot;,&quot;ekit_we_effect_on&quot;:&quot;none&quot;}\" data-widget_type=\"text-editor.default\">\n\t\t\t\t\t\t\t\t\t<p style=\"text-align: center;\"><p><div id='topFrame'><\/div><iframe src=https:\/\/web-subscription.flit2go.com\/#\/v2\/subscription\/?apiKey=ea88e48f-954b-480a-8e17-81859ae1dece#?lang=en#?categoryId=#?fontUrl=#?fontName=#?filter= style=min-height:100vh;width:100%;height:100vh; frameborder=0 id='iframeFlit2go'><\/iframe><\/p><script src='https:\/\/scripts-frame-web.s3.eu-west-1.amazonaws.com\/iframeResizer.min.js'><\/script>\r\n    <script>iFrameResize({ log: true }, '#iframeFlit2go');<\/script><script src='https:\/\/scripts-frame-web.s3.eu-west-1.amazonaws.com\/iframeFlit2go.min.js?random=69d41cdd4a996''>\r\n    <\/script><\/p>\t\t\t\t\t\t\t\t<\/div>\n\t\t\t\t\t<\/div>\n\t\t<\/div>\n\t\t\t\t\t<\/div>\n\t\t<\/section>\n\t\t<div class=\"elementor-element elementor-element-f6d734e e-flex e-con-boxed e-con e-parent\" data-id=\"f6d734e\" data-element_type=\"container\" data-e-type=\"container\">\n\t\t\t\t\t<div class=\"e-con-inner\">\n\t\t<div class=\"elementor-element elementor-element-7a91604 e-con-full e-flex e-con e-child\" data-id=\"7a91604\" data-element_type=\"container\" data-e-type=\"container\">\n\t\t\t\t<div class=\"elementor-element elementor-element-618e79a section-title at-heading-animation at-animation-heading-none elementor-invisible elementor-widget elementor-widget-heading\" data-id=\"618e79a\" data-element_type=\"widget\" data-e-type=\"widget\" data-settings=\"{&quot;_animation&quot;:&quot;fadeInUp&quot;,&quot;ekit_we_effect_on&quot;:&quot;none&quot;}\" data-widget_type=\"heading.default\">\n\t\t\t\t\t<h3 class=\"elementor-heading-title elementor-size-default\">Suscripci\u00f3n de coches<\/h3>\t\t\t\t<\/div>\n\t\t\t\t<div class=\"elementor-element elementor-element-f6f877e at-heading-animation at-animation-heading-style-2 elementor-widget elementor-widget-heading\" data-id=\"f6f877e\" data-element_type=\"widget\" data-e-type=\"widget\" data-settings=\"{&quot;ekit_we_effect_on&quot;:&quot;none&quot;}\" data-widget_type=\"heading.default\">\n\t\t\t\t\t<h2 class=\"elementor-heading-title elementor-size-default\">\u00bfQuieres saber m\u00e1s?<\/h2>\t\t\t\t<\/div>\n\t\t\t\t<div class=\"elementor-element elementor-element-8f53483 elementor-widget__width-initial elementor-invisible elementor-widget elementor-widget-text-editor\" data-id=\"8f53483\" data-element_type=\"widget\" data-e-type=\"widget\" data-settings=\"{&quot;_animation&quot;:&quot;fadeInUp&quot;,&quot;_animation_delay&quot;:100,&quot;ekit_we_effect_on&quot;:&quot;none&quot;}\" data-widget_type=\"text-editor.default\">\n\t\t\t\t\t\t\t\t\t<p>El mejor servicio de alquiler de coches en M\u00e1laga. Disponemos de una amplia flota de coches entre los que podr\u00e1s elegir baratos, descapotables, monovolumen, SUV&#8230; la mayor oferta de coches de alquiler de la <a href=\"https:\/\/www.google.com\/maps\/place\/Fetajo+Rent+a+Car+-+Aeropuerto+de+M%C3%A1laga\/@36.674266,-4.4865207,17z\/data=!3m1!4b1!4m5!3m4!1s0x0:0x580a8218b16fd8cd!8m2!3d36.674266!4d-4.484332\" target=\"_blank\" rel=\"noopener\">Costa del Sol<\/a>. <\/p>\t\t\t\t\t\t\t\t<\/div>\n\t\t<div class=\"elementor-element elementor-element-c25c216 e-con-full e-flex e-con e-child\" data-id=\"c25c216\" data-element_type=\"container\" data-e-type=\"container\">\n\t\t<div class=\"elementor-element elementor-element-020928e e-con-full e-flex e-con e-child\" data-id=\"020928e\" data-element_type=\"container\" data-e-type=\"container\">\n\t\t\t\t<div class=\"elementor-element elementor-element-e4d050d goals-item ekit-equal-height-enable elementor-widget-mobile__width-inherit elementor-invisible elementor-widget elementor-widget-elementskit-icon-box\" data-id=\"e4d050d\" data-element_type=\"widget\" data-e-type=\"widget\" data-settings=\"{&quot;_animation&quot;:&quot;fadeInUp&quot;,&quot;ekit_we_effect_on&quot;:&quot;none&quot;}\" data-widget_type=\"elementskit-icon-box.default\">\n\t\t\t\t\t<div class=\"ekit-wid-con\" >        <!-- link opening -->\n                <!-- end link opening -->\n\n        <div class=\"elementskit-infobox text-left text-left icon-top-align elementor-animation-  gradient-active  hover_from_bottom\">\n                    <div class=\"elementskit-box-header elementor-animation-\">\n                <div class=\"elementskit-info-box-icon  \">\n                    <svg aria-hidden=\"true\" class=\"elementkit-infobox-icon e-font-icon-svg e-fas-question\" viewBox=\"0 0 384 512\" xmlns=\"http:\/\/www.w3.org\/2000\/svg\"><path d=\"M202.021 0C122.202 0 70.503 32.703 29.914 91.026c-7.363 10.58-5.093 25.086 5.178 32.874l43.138 32.709c10.373 7.865 25.132 6.026 33.253-4.148 25.049-31.381 43.63-49.449 82.757-49.449 30.764 0 68.816 19.799 68.816 49.631 0 22.552-18.617 34.134-48.993 51.164-35.423 19.86-82.299 44.576-82.299 106.405V320c0 13.255 10.745 24 24 24h72.471c13.255 0 24-10.745 24-24v-5.773c0-42.86 125.268-44.645 125.268-160.627C377.504 66.256 286.902 0 202.021 0zM192 373.459c-38.196 0-69.271 31.075-69.271 69.271 0 38.195 31.075 69.27 69.271 69.27s69.271-31.075 69.271-69.271-31.075-69.27-69.271-69.27z\"><\/path><\/svg>\n                <\/div>\n          <\/div>\n                        <div class=\"box-body\">\n                            <h3 class=\"elementskit-info-box-title\">\n                    Consulta nuestras FAQ                <\/h3>\n                        \t\t  \t<p>Puede que tu pregunta ya se haya resuelto antes. No lo dudes si necesitas cualquier otra informaci\u00f3n. \n<\/p>\n                                        <div class=\"box-footer disable_hover_button\">\n                    <div class=\"btn-wraper\">\n                                                            <a class=\"elementskit-btn whitespace--normal\" href=\"https:\/\/fetajorentacar.com\/car-hire-malaga-faq\/\">\n                                                                                Preguntas frecuentes                                    <\/a>\n                                                        <\/div>\n                <\/div>\n                    <\/div>\n        \n        \n                <\/div>\n        <\/div>\t\t\t\t<\/div>\n\t\t\t\t<\/div>\n\t\t<div class=\"elementor-element elementor-element-8f87625 e-con-full e-flex e-con e-child\" data-id=\"8f87625\" data-element_type=\"container\" data-e-type=\"container\">\n\t\t\t\t<div class=\"elementor-element elementor-element-9aeb83e goals-item ekit-equal-height-enable elementor-widget-mobile__width-inherit elementor-invisible elementor-widget elementor-widget-elementskit-icon-box\" data-id=\"9aeb83e\" data-element_type=\"widget\" data-e-type=\"widget\" data-settings=\"{&quot;_animation&quot;:&quot;fadeInUp&quot;,&quot;ekit_we_effect_on&quot;:&quot;none&quot;}\" data-widget_type=\"elementskit-icon-box.default\">\n\t\t\t\t\t<div class=\"ekit-wid-con\" >        <!-- link opening -->\n                <!-- end link opening -->\n\n        <div class=\"elementskit-infobox text-left text-left icon-top-align elementor-animation-  gradient-active  hover_from_bottom\">\n                    <div class=\"elementskit-box-header elementor-animation-\">\n                <div class=\"elementskit-info-box-icon  \">\n                    <i aria-hidden=\"true\" class=\"elementkit-infobox-icon icon icon-smartphone\"><\/i>\n                <\/div>\n          <\/div>\n                        <div class=\"box-body\">\n                            <h3 class=\"elementskit-info-box-title\">\n                    Contacta con nosotros                <\/h3>\n                        \t\t  \t<p>Puedes obtener asistencia en carretera las 24 horas en Fetajo Rent a Car. No dudes en ponerte en contacto con nosotros si necesitas ayuda. <\/p>\n                                        <div class=\"box-footer disable_hover_button\">\n                    <div class=\"btn-wraper\">\n                                                            <a class=\"elementskit-btn whitespace--normal\" href=\"https:\/\/fetajorentacar.com\/contact-us-rent-car-malaga-airport\/\">\n                                                                                Contacta con nosotros                                    <\/a>\n                                                        <\/div>\n                <\/div>\n                    <\/div>\n        \n        \n                <\/div>\n        <\/div>\t\t\t\t<\/div>\n\t\t\t\t<\/div>\n\t\t\t\t<\/div>\n\t\t\t\t<\/div>\n\t\t\t\t\t<\/div>\n\t\t\t\t<\/div>\n\t\t\t\t<\/div>\n\t\t","protected":false},"excerpt":{"rendered":"<p>\u00bfQu\u00e9 es una suscripci\u00f3n de coches en M\u00e1laga y por qu\u00e9 es [&hellip;]<\/p>\n","protected":false},"author":1,"featured_media":0,"parent":0,"menu_order":0,"comment_status":"closed","ping_status":"closed","template":"elementor_header_footer","meta":{"footnotes":""},"class_list":["post-8365","page","type-page","status-publish","hentry"],"_links":{"self":[{"href":"https:\/\/fetajorentacar.com\/es\/wp-json\/wp\/v2\/pages\/8365","targetHints":{"allow":["GET"]}}],"collection":[{"href":"https:\/\/fetajorentacar.com\/es\/wp-json\/wp\/v2\/pages"}],"about":[{"href":"https:\/\/fetajorentacar.com\/es\/wp-json\/wp\/v2\/types\/page"}],"author":[{"embeddable":true,"href":"https:\/\/fetajorentacar.com\/es\/wp-json\/wp\/v2\/users\/1"}],"replies":[{"embeddable":true,"href":"https:\/\/fetajorentacar.com\/es\/wp-json\/wp\/v2\/comments?post=8365"}],"version-history":[{"count":4,"href":"https:\/\/fetajorentacar.com\/es\/wp-json\/wp\/v2\/pages\/8365\/revisions"}],"predecessor-version":[{"id":12643,"href":"https:\/\/fetajorentacar.com\/es\/wp-json\/wp\/v2\/pages\/8365\/revisions\/12643"}],"wp:attachment":[{"href":"https:\/\/fetajorentacar.com\/es\/wp-json\/wp\/v2\/media?parent=8365"}],"curies":[{"name":"wp","href":"https:\/\/api.w.org\/{rel}","templated":true}]}}