{"id":12747,"date":"2026-04-15T15:15:57","date_gmt":"2026-04-15T15:15:57","guid":{"rendered":"https:\/\/fetajorentacar.com\/7-seater-car-hire-malaga-airport-fr-2\/"},"modified":"2026-04-16T08:50:50","modified_gmt":"2026-04-16T08:50:50","slug":"location-7-places-aeroport-malaga","status":"publish","type":"page","link":"https:\/\/fetajorentacar.com\/fr\/location-7-places-aeroport-malaga\/","title":{"rendered":"Location 7 Places A\u00e9roport M\u00e1laga"},"content":{"rendered":"<p>## Location 7 Places \u00e0 l&#8217;A\u00e9roport de M\u00e1laga \u2013 Espace pour Familles, Groupes et \u00c9quipes de Golf<\/p>\n<p>Vous voyagez avec un grand groupe ? Vacances en famille avec enfants et grands-parents ? \u00c9quipe de golf \u00e0 quatre avec partenaires ? Un 7 places est votre solution. Les minivans et SUV de Fetajo offrent un vrai espace pour les passagers et les bagages. Climatisation pour tous. Acc\u00e8s facile. Performances fiables sur les routes de montagne.<\/p>\n<p>Collecte directe au Terminal 3. Pas de bus navette. Votre grand v\u00e9hicule vous attend.<\/p>\n<p>&#8212;<\/p>\n<p>### Pourquoi les Familles et Groupes Choisissent Fetajo<\/p>\n<p>**Vrai grand coffre \u2014 pas de compromis sur les bagages**<br \/>\nNos 7 places ont une vraie solution bagages : si\u00e8ge arri\u00e8re rabattable pour grand transport, ou v\u00e9hicules avec coffre s\u00e9par\u00e9 derri\u00e8re la troisi\u00e8me rang\u00e9e.<\/p>\n<p>**Trois rang\u00e9es de si\u00e8ges, toutes confortables**<br \/>\nNos 7 places (Ford S-MAX, Seat Alhambra, VW Sharan, Skoda Kodiaq, Toyota Verso) ont des si\u00e8ges ergonomiques dans les trois rang\u00e9es.<\/p>\n<p>**Si\u00e8ges enfants disponibles**<br \/>\nSi\u00e8ge-cosy (groupe 0\u20131), si\u00e8ge enfant (groupe 1\u20132) ou rehausseur (groupe 2\u20133) disponibles \u00e0 la r\u00e9servation.<\/p>\n<p>**Kilom\u00e9trage illimit\u00e9 pour les explorations en groupe**<br \/>\nExcursions \u00e0 Grenade, Ronda, S\u00e9ville \u2014 des excursions d&#8217;une journ\u00e9e depuis la Costa del Sol qui seraient impossibles sans voiture.<\/p>\n<p>&#8212;<\/p>\n<p>### T\u00e9moignages de Familles et Groupes<\/p>\n<p>\u00abQuatre golfeurs, quatre \u00e9pouses, huit bagages, quatre sacs de golf. Le Sharan a tout absorb\u00e9. La climatisation \u00e9tait excellente pour les trajets en haute saison vers Estepona.\u00bb \u2014 *Kevin, Irlande*<\/p>\n<p>\u00abVacances trois g\u00e9n\u00e9rations. Grand-parents, parents et trois enfants. Tous les sept avec valises dans une seule voiture.\u00bb \u2014 *Marta, Espagne*<\/p>\n<p>&#8212;<\/p>\n<p>### FAQ \u2014 Location 7 Places M\u00e1laga<\/p>\n<p>**Quels mod\u00e8les 7 places avez-vous ?**<br \/>\nFord S-MAX, Galaxy ; VW Sharan ; Seat Alhambra ; Skoda Kodiaq (7 places) ; Toyota Verso.<\/p>\n<p>**Les si\u00e8ges enfants peuvent-ils \u00eatre r\u00e9serv\u00e9s \u00e0 l&#8217;avance ?**<br \/>\nOui. Si\u00e8ge-cosy, si\u00e8ge enfant et rehausseurs disponibles. Indiquez-le \u00e0 la r\u00e9servation.<\/p>\n<p>**Les 7 places en transmission automatique sont-ils disponibles ?**<br \/>\nOui. VW Sharan DSG et Ford Galaxy automatique dans la flotte.<\/p>\n","protected":false},"excerpt":{"rendered":"<p>## Location 7 Places \u00e0 l&#8217;A\u00e9roport de M\u00e1laga \u2013 Espace pour Familles, [&hellip;]<\/p>\n","protected":false},"author":0,"featured_media":12700,"parent":0,"menu_order":0,"comment_status":"closed","ping_status":"closed","template":"","meta":{"footnotes":""},"class_list":["post-12747","page","type-page","status-publish","has-post-thumbnail","hentry"],"_links":{"self":[{"href":"https:\/\/fetajorentacar.com\/fr\/wp-json\/wp\/v2\/pages\/12747","targetHints":{"allow":["GET"]}}],"collection":[{"href":"https:\/\/fetajorentacar.com\/fr\/wp-json\/wp\/v2\/pages"}],"about":[{"href":"https:\/\/fetajorentacar.com\/fr\/wp-json\/wp\/v2\/types\/page"}],"replies":[{"embeddable":true,"href":"https:\/\/fetajorentacar.com\/fr\/wp-json\/wp\/v2\/comments?post=12747"}],"version-history":[{"count":1,"href":"https:\/\/fetajorentacar.com\/fr\/wp-json\/wp\/v2\/pages\/12747\/revisions"}],"predecessor-version":[{"id":12939,"href":"https:\/\/fetajorentacar.com\/fr\/wp-json\/wp\/v2\/pages\/12747\/revisions\/12939"}],"wp:featuredmedia":[{"embeddable":true,"href":"https:\/\/fetajorentacar.com\/fr\/wp-json\/wp\/v2\/media\/12700"}],"wp:attachment":[{"href":"https:\/\/fetajorentacar.com\/fr\/wp-json\/wp\/v2\/media?parent=12747"}],"curies":[{"name":"wp","href":"https:\/\/api.w.org\/{rel}","templated":true}]}}