{"id":12755,"date":"2026-04-15T15:28:26","date_gmt":"2026-04-15T15:28:26","guid":{"rendered":"https:\/\/fetajorentacar.com\/a-propos-location-voiture-malaga\/"},"modified":"2026-04-15T15:28:26","modified_gmt":"2026-04-15T15:28:26","slug":"a-propos-location-voiture-malaga","status":"publish","type":"page","link":"https:\/\/fetajorentacar.com\/fr\/a-propos-location-voiture-malaga\/","title":{"rendered":"\u00c0 Propos &#8211; Location Voiture M\u00e1laga"},"content":{"rendered":"<h1>\u00c0 Propos de Fetajo Rent a Car<\/h1>\n<p>Entreprise familiale avec plus de 40 ans d&#8217;exp\u00e9rience dans la location de voitures \u00e0 M\u00e1laga. Nous disposons de la plus grande flotte de la Costa del Sol avec plus de 4 000 v\u00e9hicules. Livraison directe \u00e0 l&#8217;a\u00e9roport, sans files d&#8217;attente, kilom\u00e9trage illimit\u00e9.<\/p>\n","protected":false},"excerpt":{"rendered":"<p>\u00c0 Propos de Fetajo Rent a Car Entreprise familiale avec plus de [&hellip;]<\/p>\n","protected":false},"author":0,"featured_media":0,"parent":0,"menu_order":0,"comment_status":"closed","ping_status":"closed","template":"","meta":{"footnotes":""},"class_list":["post-12755","page","type-page","status-publish","hentry"],"_links":{"self":[{"href":"https:\/\/fetajorentacar.com\/fr\/wp-json\/wp\/v2\/pages\/12755","targetHints":{"allow":["GET"]}}],"collection":[{"href":"https:\/\/fetajorentacar.com\/fr\/wp-json\/wp\/v2\/pages"}],"about":[{"href":"https:\/\/fetajorentacar.com\/fr\/wp-json\/wp\/v2\/types\/page"}],"replies":[{"embeddable":true,"href":"https:\/\/fetajorentacar.com\/fr\/wp-json\/wp\/v2\/comments?post=12755"}],"version-history":[{"count":0,"href":"https:\/\/fetajorentacar.com\/fr\/wp-json\/wp\/v2\/pages\/12755\/revisions"}],"wp:attachment":[{"href":"https:\/\/fetajorentacar.com\/fr\/wp-json\/wp\/v2\/media?parent=12755"}],"curies":[{"name":"wp","href":"https:\/\/api.w.org\/{rel}","templated":true}]}}