{"id":12758,"date":"2026-04-15T15:28:28","date_gmt":"2026-04-15T15:28:28","guid":{"rendered":"https:\/\/fetajorentacar.com\/contact-location-voiture-aeroport-malaga\/"},"modified":"2026-04-15T15:28:28","modified_gmt":"2026-04-15T15:28:28","slug":"contact-location-voiture-aeroport-malaga","status":"publish","type":"page","link":"https:\/\/fetajorentacar.com\/fr\/contact-location-voiture-aeroport-malaga\/","title":{"rendered":"Contact &#8211; Location Voiture A\u00e9roport M\u00e1laga"},"content":{"rendered":"<h1>Contact Fetajo Rent a Car<\/h1>\n<p>Notre \u00e9quipe est disponible 24h\/24, 7j\/7. Appelez-nous, envoyez un WhatsApp ou un e-mail. Nous vous attendons directement dans le hall d&#8217;arriv\u00e9e de l&#8217;a\u00e9roport de M\u00e1laga.<\/p>\n","protected":false},"excerpt":{"rendered":"<p>Contact Fetajo Rent a Car Notre \u00e9quipe est disponible 24h\/24, 7j\/7. Appelez-nous, [&hellip;]<\/p>\n","protected":false},"author":0,"featured_media":0,"parent":0,"menu_order":0,"comment_status":"closed","ping_status":"closed","template":"","meta":{"footnotes":""},"class_list":["post-12758","page","type-page","status-publish","hentry"],"_links":{"self":[{"href":"https:\/\/fetajorentacar.com\/fr\/wp-json\/wp\/v2\/pages\/12758","targetHints":{"allow":["GET"]}}],"collection":[{"href":"https:\/\/fetajorentacar.com\/fr\/wp-json\/wp\/v2\/pages"}],"about":[{"href":"https:\/\/fetajorentacar.com\/fr\/wp-json\/wp\/v2\/types\/page"}],"replies":[{"embeddable":true,"href":"https:\/\/fetajorentacar.com\/fr\/wp-json\/wp\/v2\/comments?post=12758"}],"version-history":[{"count":0,"href":"https:\/\/fetajorentacar.com\/fr\/wp-json\/wp\/v2\/pages\/12758\/revisions"}],"wp:attachment":[{"href":"https:\/\/fetajorentacar.com\/fr\/wp-json\/wp\/v2\/media?parent=12758"}],"curies":[{"name":"wp","href":"https:\/\/api.w.org\/{rel}","templated":true}]}}