{"id":12761,"date":"2026-04-15T15:28:30","date_gmt":"2026-04-15T15:28:30","guid":{"rendered":"https:\/\/fetajorentacar.com\/services-location-voiture-malaga\/"},"modified":"2026-04-15T15:28:30","modified_gmt":"2026-04-15T15:28:30","slug":"services-location-voiture-malaga","status":"publish","type":"page","link":"https:\/\/fetajorentacar.com\/fr\/services-location-voiture-malaga\/","title":{"rendered":"Services &#8211; Location Voiture M\u00e1laga"},"content":{"rendered":"<h1>Services &#8211; Location Voiture A\u00e9roport M\u00e1laga<\/h1>\n<p>Fetajo vous offre tout pour une exp\u00e9rience de conduite sans stress : GPS, si\u00e8ge b\u00e9b\u00e9, conducteur suppl\u00e9mentaire, assurance tous risques sans franchise et assistance 24h\/24. Livraison directe \u00e0 l&#8217;a\u00e9roport de M\u00e1laga incluse.<\/p>\n","protected":false},"excerpt":{"rendered":"<p>Services &#8211; Location Voiture A\u00e9roport M\u00e1laga Fetajo vous offre tout pour une [&hellip;]<\/p>\n","protected":false},"author":0,"featured_media":0,"parent":0,"menu_order":0,"comment_status":"closed","ping_status":"closed","template":"","meta":{"footnotes":""},"class_list":["post-12761","page","type-page","status-publish","hentry"],"_links":{"self":[{"href":"https:\/\/fetajorentacar.com\/fr\/wp-json\/wp\/v2\/pages\/12761","targetHints":{"allow":["GET"]}}],"collection":[{"href":"https:\/\/fetajorentacar.com\/fr\/wp-json\/wp\/v2\/pages"}],"about":[{"href":"https:\/\/fetajorentacar.com\/fr\/wp-json\/wp\/v2\/types\/page"}],"replies":[{"embeddable":true,"href":"https:\/\/fetajorentacar.com\/fr\/wp-json\/wp\/v2\/comments?post=12761"}],"version-history":[{"count":0,"href":"https:\/\/fetajorentacar.com\/fr\/wp-json\/wp\/v2\/pages\/12761\/revisions"}],"wp:attachment":[{"href":"https:\/\/fetajorentacar.com\/fr\/wp-json\/wp\/v2\/media?parent=12761"}],"curies":[{"name":"wp","href":"https:\/\/api.w.org\/{rel}","templated":true}]}}