{"id":12764,"date":"2026-04-15T15:28:32","date_gmt":"2026-04-15T15:28:32","guid":{"rendered":"https:\/\/fetajorentacar.com\/location-voiture-malaga-faq\/"},"modified":"2026-04-15T15:28:32","modified_gmt":"2026-04-15T15:28:32","slug":"location-voiture-malaga-faq","status":"publish","type":"page","link":"https:\/\/fetajorentacar.com\/fr\/location-voiture-malaga-faq\/","title":{"rendered":"Location Voiture M\u00e1laga FAQ \u2014 15 Questions Essentielles"},"content":{"rendered":"<h1>Location Voiture M\u00e1laga FAQ \u2014 15 Questions Essentielles<\/h1>\n<p>Tout ce que vous devez savoir avant de louer une voiture \u00e0 M\u00e1laga : \u00e2ge minimum (21 ans), caution, politique carburant, options d&#8217;assurance, livraison \u00e0 l&#8217;a\u00e9roport et plus. Des r\u00e9ponses claires sans jargon technique.<\/p>\n","protected":false},"excerpt":{"rendered":"<p>Location Voiture M\u00e1laga FAQ \u2014 15 Questions Essentielles Tout ce que vous [&hellip;]<\/p>\n","protected":false},"author":0,"featured_media":10800,"parent":0,"menu_order":0,"comment_status":"closed","ping_status":"closed","template":"","meta":{"footnotes":""},"class_list":["post-12764","page","type-page","status-publish","has-post-thumbnail","hentry"],"_links":{"self":[{"href":"https:\/\/fetajorentacar.com\/fr\/wp-json\/wp\/v2\/pages\/12764","targetHints":{"allow":["GET"]}}],"collection":[{"href":"https:\/\/fetajorentacar.com\/fr\/wp-json\/wp\/v2\/pages"}],"about":[{"href":"https:\/\/fetajorentacar.com\/fr\/wp-json\/wp\/v2\/types\/page"}],"replies":[{"embeddable":true,"href":"https:\/\/fetajorentacar.com\/fr\/wp-json\/wp\/v2\/comments?post=12764"}],"version-history":[{"count":0,"href":"https:\/\/fetajorentacar.com\/fr\/wp-json\/wp\/v2\/pages\/12764\/revisions"}],"wp:featuredmedia":[{"embeddable":true,"href":"https:\/\/fetajorentacar.com\/fr\/wp-json\/wp\/v2\/media\/10800"}],"wp:attachment":[{"href":"https:\/\/fetajorentacar.com\/fr\/wp-json\/wp\/v2\/media?parent=12764"}],"curies":[{"name":"wp","href":"https:\/\/api.w.org\/{rel}","templated":true}]}}