{"id":12767,"date":"2026-04-15T15:28:34","date_gmt":"2026-04-15T15:28:34","guid":{"rendered":"https:\/\/fetajorentacar.com\/abonnement-voiture-malaga\/"},"modified":"2026-04-15T15:28:34","modified_gmt":"2026-04-15T15:28:34","slug":"abonnement-voiture-malaga","status":"publish","type":"page","link":"https:\/\/fetajorentacar.com\/fr\/abonnement-voiture-malaga\/","title":{"rendered":"Abonnement Voiture M\u00e1laga \u2014 Meilleures Formules d\u00e8s 380\u20ac\/Mois"},"content":{"rendered":"<h1>Abonnement Voiture M\u00e1laga \u2014 D\u00e8s 380\u20ac\/Mois<\/h1>\n<p>L&#8217;abonnement voiture Fetajo est l&#8217;alternative flexible : 1 \u00e0 9 mois, 27+ mod\u00e8les, kilom\u00e9trage illimit\u00e9, assurance tous risques et entretien inclus. Sans engagement long terme. Sans tracas. Conduisez simplement.<\/p>\n","protected":false},"excerpt":{"rendered":"<p>Abonnement Voiture M\u00e1laga \u2014 D\u00e8s 380\u20ac\/Mois L&#8217;abonnement voiture Fetajo est l&#8217;alternative flexible [&hellip;]<\/p>\n","protected":false},"author":0,"featured_media":0,"parent":0,"menu_order":0,"comment_status":"closed","ping_status":"closed","template":"","meta":{"footnotes":""},"class_list":["post-12767","page","type-page","status-publish","hentry"],"_links":{"self":[{"href":"https:\/\/fetajorentacar.com\/fr\/wp-json\/wp\/v2\/pages\/12767","targetHints":{"allow":["GET"]}}],"collection":[{"href":"https:\/\/fetajorentacar.com\/fr\/wp-json\/wp\/v2\/pages"}],"about":[{"href":"https:\/\/fetajorentacar.com\/fr\/wp-json\/wp\/v2\/types\/page"}],"replies":[{"embeddable":true,"href":"https:\/\/fetajorentacar.com\/fr\/wp-json\/wp\/v2\/comments?post=12767"}],"version-history":[{"count":0,"href":"https:\/\/fetajorentacar.com\/fr\/wp-json\/wp\/v2\/pages\/12767\/revisions"}],"wp:attachment":[{"href":"https:\/\/fetajorentacar.com\/fr\/wp-json\/wp\/v2\/media?parent=12767"}],"curies":[{"name":"wp","href":"https:\/\/api.w.org\/{rel}","templated":true}]}}