{"id":12773,"date":"2026-04-15T15:28:38","date_gmt":"2026-04-15T15:28:38","guid":{"rendered":"https:\/\/fetajorentacar.com\/voitures-location-aeroport-malaga-flotte\/"},"modified":"2026-04-16T09:08:31","modified_gmt":"2026-04-16T09:08:31","slug":"voitures-location-aeroport-malaga-flotte","status":"publish","type":"page","link":"https:\/\/fetajorentacar.com\/fr\/voitures-location-aeroport-malaga-flotte\/","title":{"rendered":"Location"},"content":{"rendered":"\t\t<div data-elementor-type=\"wp-post\" data-elementor-id=\"12773\" class=\"elementor elementor-12773 elementor-1484\" data-elementor-post-type=\"page\">\n\t\t\t\t<div class=\"elementor-element elementor-element-1c6ca31 e-con-full e-flex e-con e-parent\" data-id=\"1c6ca31\" data-element_type=\"container\" data-e-type=\"container\" data-settings=\"{&quot;background_background&quot;:&quot;classic&quot;}\">\n\t\t<div class=\"elementor-element elementor-element-f04f0fe border-radius-section e-flex e-con-boxed e-con e-child\" data-id=\"f04f0fe\" data-element_type=\"container\" data-e-type=\"container\" data-settings=\"{&quot;background_background&quot;:&quot;classic&quot;}\">\n\t\t\t\t\t<div class=\"e-con-inner\">\n\t\t<div class=\"elementor-element elementor-element-d94a9d4 e-con-full e-flex e-con e-child\" data-id=\"d94a9d4\" data-element_type=\"container\" data-e-type=\"container\">\n\t\t\t\t<div class=\"elementor-element elementor-element-f6dbb6e at-heading-animation at-animation-heading-style-2 elementor-widget elementor-widget-heading\" data-id=\"f6dbb6e\" data-element_type=\"widget\" data-e-type=\"widget\" data-settings=\"{&quot;ekit_we_effect_on&quot;:&quot;none&quot;}\" data-widget_type=\"heading.default\">\n\t\t\t\t\t<h1 class=\"elementor-heading-title elementor-size-default\">Voitures de Location A\u00e9roport M\u00e1laga<\/h1>\t\t\t\t<\/div>\n\t\t\t\t<\/div>\n\t\t<div class=\"elementor-element elementor-element-79ada54 e-con-full e-flex e-con e-child\" data-id=\"79ada54\" data-element_type=\"container\" data-e-type=\"container\">\n\t\t\t\t<div class=\"elementor-element elementor-element-1215130 hero-image at-image-animation at-animation-image-none at-none elementor-widget elementor-widget-image\" data-id=\"1215130\" data-element_type=\"widget\" data-e-type=\"widget\" data-settings=\"{&quot;ekit_we_effect_on&quot;:&quot;none&quot;}\" data-widget_type=\"image.default\">\n\t\t\t\t\t\t\t\t\t\t\t\t\t\t\t<img fetchpriority=\"high\" decoding=\"async\" width=\"1200\" height=\"800\" src=\"https:\/\/fetajorentacar.com\/wp-content\/uploads\/2026\/01\/peugeot_25e2008evgtsu2fbfr_lowaggressive.png.webp\" class=\"attachment-full size-full wp-image-13077\" alt=\"White modern SUV available for car hire and rental in Malaga Airport - Fetajo Rent a Car flexible monthly subscription\" srcset=\"https:\/\/fetajorentacar.com\/wp-content\/uploads\/2026\/01\/peugeot_25e2008evgtsu2fbfr_lowaggressive.png.webp 1200w, https:\/\/fetajorentacar.com\/wp-content\/uploads\/2026\/01\/peugeot_25e2008evgtsu2fbfr_lowaggressive.png-300x200.webp 300w, https:\/\/fetajorentacar.com\/wp-content\/uploads\/2026\/01\/peugeot_25e2008evgtsu2fbfr_lowaggressive.png-1024x683.webp 1024w, https:\/\/fetajorentacar.com\/wp-content\/uploads\/2026\/01\/peugeot_25e2008evgtsu2fbfr_lowaggressive.png-768x512.webp 768w\" sizes=\"(max-width: 1200px) 100vw, 1200px\" \/>\t\t\t\t\t\t\t\t\t\t\t\t\t\t\t<\/div>\n\t\t\t\t<\/div>\n\t\t\t\t\t<\/div>\n\t\t\t\t<\/div>\n\t\t\t\t<\/div>\n\t\t<div class=\"elementor-element elementor-element-bc85cb7 e-flex e-con-boxed e-con e-parent\" data-id=\"bc85cb7\" data-element_type=\"container\" data-e-type=\"container\" data-settings=\"{&quot;background_background&quot;:&quot;classic&quot;}\">\n\t\t\t\t\t<div class=\"e-con-inner\">\n\t\t<div class=\"elementor-element elementor-element-59519a9 e-con-full e-flex e-con e-child\" data-id=\"59519a9\" data-element_type=\"container\" data-e-type=\"container\">\n\t\t\t\t<div class=\"elementor-element elementor-element-646b278 section-title at-heading-animation at-animation-heading-none elementor-invisible elementor-widget elementor-widget-heading\" data-id=\"646b278\" data-element_type=\"widget\" data-e-type=\"widget\" data-settings=\"{&quot;_animation&quot;:&quot;fadeInUp&quot;,&quot;ekit_we_effect_on&quot;:&quot;none&quot;}\" data-widget_type=\"heading.default\">\n\t\t\t\t\t<h3 class=\"elementor-heading-title elementor-size-default\">Location Voiture<\/h3>\t\t\t\t<\/div>\n\t\t\t\t<div class=\"elementor-element elementor-element-d58d658 at-heading-animation at-animation-heading-style-2 elementor-widget elementor-widget-heading\" data-id=\"d58d658\" data-element_type=\"widget\" data-e-type=\"widget\" data-settings=\"{&quot;ekit_we_effect_on&quot;:&quot;none&quot;}\" data-widget_type=\"heading.default\">\n\t\t\t\t\t<h2 class=\"elementor-heading-title elementor-size-default\">Voitures de Location A\u00e9roport M\u00e1laga<\/h2>\t\t\t\t<\/div>\n\t\t\t\t<div class=\"elementor-element elementor-element-04a2292 elementor-invisible elementor-widget elementor-widget-text-editor\" data-id=\"04a2292\" data-element_type=\"widget\" data-e-type=\"widget\" data-settings=\"{&quot;_animation&quot;:&quot;fadeInUp&quot;,&quot;_animation_delay&quot;:100,&quot;ekit_we_effect_on&quot;:&quot;none&quot;}\" data-widget_type=\"text-editor.default\">\n\t\t\t\t\t\t\t\t\t<p>Le meilleur service de location de voiture \u00e0 l&#8217;<a href=\"https:\/\/www.google.com\/maps\/place\/Fetajo+Rent+a+Car+-+Aeropuerto+de+M%C3%A1laga\/@36.674266,-4.4865207,17z\/data=!3m1!4b1!4m5!3m4!1s0x0:0x580a8218b16fd8cd!8m2!3d36.674266!4d-4.484332\" rel=\"noopener\">A\u00e9roport de M\u00e1laga<\/a>. Nous disposons d&#8217;une large flotte parmi laquelle vous pouvez choisir \u2014 \u00e9conomique, cabriolet, monospace, SUV\u2026 la plus grande gamme de voitures de location sur la Costa del Sol.<\/p>\n<p>Service de location voiture d&#8217;une entreprise familiale de qualit\u00e9 \u00e0 M\u00e1laga, Marbella et Mijas.<\/p>\n<p>Obtenez une assistance routi\u00e8re 24h\/24 chez Fetajo Rent a Car.<\/p>\n<p>La r\u00e9ponse est simple : plus de 400 voitures haut de gamme en parfait \u00e9tat, pour profiter pleinement de vos d\u00e9placements \u00e0 M\u00e1laga, sur la Costa del Sol ou en Espagne.<\/p>\t\t\t\t\t\t\t\t<\/div>\n\t\t<div class=\"elementor-element elementor-element-568af7c e-con-full e-flex e-con e-child\" data-id=\"568af7c\" data-element_type=\"container\" data-e-type=\"container\">\n\t\t<div class=\"elementor-element elementor-element-d727e11 e-con-full e-flex e-con e-child\" data-id=\"d727e11\" data-element_type=\"container\" data-e-type=\"container\">\n\t\t\t\t<div class=\"elementor-element elementor-element-9332a83 goals-item ekit-equal-height-enable elementor-widget-mobile__width-inherit elementor-invisible elementor-widget elementor-widget-elementskit-icon-box\" data-id=\"9332a83\" data-element_type=\"widget\" data-e-type=\"widget\" data-settings=\"{&quot;_animation&quot;:&quot;fadeInUp&quot;,&quot;ekit_we_effect_on&quot;:&quot;none&quot;}\" data-widget_type=\"elementskit-icon-box.default\">\n\t\t\t\t\t<div class=\"ekit-wid-con\" >        <!-- link opening -->\n                <!-- end link opening -->\n\n        <div class=\"elementskit-infobox text-left text-left icon-top-align elementor-animation-  gradient-active  hover_from_bottom\">\n                    <div class=\"elementskit-box-header elementor-animation-\">\n                <div class=\"elementskit-info-box-icon  \">\n                    <i aria-hidden=\"true\" class=\"elementkit-infobox-icon icon icon-Family\"><\/i>\n                <\/div>\n          <\/div>\n                        <div class=\"box-body\">\n                            <h3 class=\"elementskit-info-box-title\">\n                    Direct hire not a broker. Family Company                <\/h3>\n                        \t\t  \t<p>Car rental service your quality Family Company in M\u00e1laga, Marbella y Mijas.\n<\/p>\n                                <\/div>\n        \n        \n                <\/div>\n        <\/div>\t\t\t\t<\/div>\n\t\t\t\t<\/div>\n\t\t<div class=\"elementor-element elementor-element-efdff9e e-con-full e-flex e-con e-child\" data-id=\"efdff9e\" data-element_type=\"container\" data-e-type=\"container\">\n\t\t\t\t<div class=\"elementor-element elementor-element-34c6879 goals-item ekit-equal-height-enable elementor-widget-mobile__width-inherit elementor-invisible elementor-widget elementor-widget-elementskit-icon-box\" data-id=\"34c6879\" data-element_type=\"widget\" data-e-type=\"widget\" data-settings=\"{&quot;_animation&quot;:&quot;fadeInUp&quot;,&quot;_animation_delay&quot;:100,&quot;ekit_we_effect_on&quot;:&quot;none&quot;}\" data-widget_type=\"elementskit-icon-box.default\">\n\t\t\t\t\t<div class=\"ekit-wid-con\" >        <!-- link opening -->\n                <!-- end link opening -->\n\n        <div class=\"elementskit-infobox text-left text-left icon-top-align elementor-animation-  gradient-active  hover_from_bottom\">\n                    <div class=\"elementskit-box-header elementor-animation-\">\n                <div class=\"elementskit-info-box-icon  \">\n                    <i aria-hidden=\"true\" class=\"elementkit-infobox-icon icon icon-smartphone\"><\/i>\n                <\/div>\n          <\/div>\n                        <div class=\"box-body\">\n                            <h3 class=\"elementskit-info-box-title\">\n                    24 hr. telephone road assistance.                <\/h3>\n                        \t\t  \t<p>You can obtain 24hr road assistance in Fetajo Rent a Car<\/p>\n                                <\/div>\n        \n        \n                <\/div>\n        <\/div>\t\t\t\t<\/div>\n\t\t\t\t<\/div>\n\t\t\t\t<\/div>\n\t\t<div class=\"elementor-element elementor-element-e6f5332 e-con-full e-flex elementor-invisible e-con e-child\" data-id=\"e6f5332\" data-element_type=\"container\" data-e-type=\"container\" data-settings=\"{&quot;animation&quot;:&quot;fadeInUp&quot;}\">\n\t\t\t\t<div class=\"elementor-element elementor-element-627b7d1 elementor-widget elementor-widget-button\" data-id=\"627b7d1\" data-element_type=\"widget\" data-e-type=\"widget\" data-settings=\"{&quot;ekit_we_effect_on&quot;:&quot;none&quot;}\" data-widget_type=\"button.default\">\n\t\t\t\t\t\t\t\t\t\t<a class=\"elementor-button elementor-button-link elementor-size-sm\" href=\"https:\/\/fetajorentacar.com\/fr\/location-voiture-malaga-faq\/\" target=\"_blank\">\n\t\t\t\t\t\t<span class=\"elementor-button-content-wrapper\">\n\t\t\t\t\t\t<span class=\"elementor-button-icon\">\n\t\t\t\t<svg xmlns=\"http:\/\/www.w3.org\/2000\/svg\" width=\"24\" height=\"24\" viewBox=\"0 0 24 24\" fill=\"none\"><path fill-rule=\"evenodd\" clip-rule=\"evenodd\" d=\"M19.4401 11.0001C17.0996 11.0001 14.9665 8.77909 14.9665 6.34009V5.34009H13.0465V6.34009C13.0465 8.11409 13.7934 9.77809 14.9656 11.0001H3.12012V13.0001H14.9656C13.7934 14.2221 13.0465 15.8861 13.0465 17.6601V18.6601H14.9665V17.6601C14.9665 15.2211 17.0996 13.0001 19.4401 13.0001H20.4001V11.0001H19.4401Z\" fill=\"currentColor\"><\/path><\/svg>\t\t\t<\/span>\n\t\t\t\t\t\t\t\t\t<span class=\"elementor-button-text\">FAQs<\/span>\n\t\t\t\t\t<\/span>\n\t\t\t\t\t<\/a>\n\t\t\t\t\t\t\t\t<\/div>\n\t\t\t\t<div class=\"elementor-element elementor-element-9e27fa4 ekit-equal-height-disable elementor-widget elementor-widget-elementskit-icon-box\" data-id=\"9e27fa4\" data-element_type=\"widget\" data-e-type=\"widget\" data-settings=\"{&quot;ekit_we_effect_on&quot;:&quot;none&quot;}\" data-widget_type=\"elementskit-icon-box.default\">\n\t\t\t\t\t<div class=\"ekit-wid-con\" >        <!-- link opening -->\n                <a href=\"https:\/\/wa.me\/34667565527\" class=\"ekit_global_links\" rel=\"noopener\">\n                <!-- end link opening -->\n\n        <div class=\"elementskit-infobox text- text-left icon-lef-right-aligin elementor-animation- media  \">\n                    <div class=\"elementskit-box-header elementor-animation-\">\n                <div class=\"elementskit-info-box-icon  text-center\">\n                    <i aria-hidden=\"true\" class=\"elementkit-infobox-icon icon icon-whatsapp-2\"><\/i>\n                <\/div>\n          <\/div>\n                        <div class=\"box-body\">\n                            <h3 class=\"elementskit-info-box-title\">\n                    Call Us 24\/7                <\/h3>\n                        \t\t  \t<p>+34 667 56 55 27<\/p>\n                                <\/div>\n        \n        \n                <\/div>\n                <\/a>\n        <\/div>\t\t\t\t<\/div>\n\t\t\t\t<\/div>\n\t\t\t\t<\/div>\n\t\t<div class=\"elementor-element elementor-element-789fad8 e-con-full e-flex e-con e-child\" data-id=\"789fad8\" data-element_type=\"container\" data-e-type=\"container\">\n\t\t<div class=\"elementor-element elementor-element-5fb0951 e-con-full e-flex e-con e-child\" data-id=\"5fb0951\" data-element_type=\"container\" data-e-type=\"container\">\n\t\t\t\t<div class=\"elementor-element elementor-element-254ae58 at-shiny-glass-effect goals-img-1 elementor-widget elementor-widget-image\" data-id=\"254ae58\" data-element_type=\"widget\" data-e-type=\"widget\" data-settings=\"{&quot;ekit_we_effect_on&quot;:&quot;none&quot;}\" data-widget_type=\"image.default\">\n\t\t\t\t\t\t\t\t\t\t\t\t\t\t\t<img decoding=\"async\" width=\"1620\" height=\"1080\" src=\"https:\/\/fetajorentacar.com\/wp-content\/uploads\/2023\/10\/fetajo-rent-a-car-airport-malaga-2.webp\" class=\"attachment-full size-full wp-image-7613\" alt=\"car hire malaga airport\" srcset=\"https:\/\/fetajorentacar.com\/wp-content\/uploads\/2023\/10\/fetajo-rent-a-car-airport-malaga-2.webp 1620w, https:\/\/fetajorentacar.com\/wp-content\/uploads\/2023\/10\/fetajo-rent-a-car-airport-malaga-2-300x200.webp 300w, https:\/\/fetajorentacar.com\/wp-content\/uploads\/2023\/10\/fetajo-rent-a-car-airport-malaga-2-1024x683.webp 1024w, https:\/\/fetajorentacar.com\/wp-content\/uploads\/2023\/10\/fetajo-rent-a-car-airport-malaga-2-768x512.webp 768w, https:\/\/fetajorentacar.com\/wp-content\/uploads\/2023\/10\/fetajo-rent-a-car-airport-malaga-2-1536x1024.webp 1536w\" sizes=\"(max-width: 1620px) 100vw, 1620px\" \/>\t\t\t\t\t\t\t\t\t\t\t\t\t\t\t<\/div>\n\t\t\t\t<div class=\"elementor-element elementor-element-ac03f99 at-shiny-glass-effect goals-img-2 elementor-widget elementor-widget-image\" data-id=\"ac03f99\" data-element_type=\"widget\" data-e-type=\"widget\" data-settings=\"{&quot;ekit_we_effect_on&quot;:&quot;none&quot;}\" data-widget_type=\"image.default\">\n\t\t\t\t\t\t\t\t\t\t\t\t\t\t\t<img decoding=\"async\" width=\"1620\" height=\"1080\" src=\"https:\/\/fetajorentacar.com\/wp-content\/uploads\/2023\/10\/fetajo-rent-a-car-airport-malaga-2-8.webp\" class=\"attachment-full size-full wp-image-7589\" alt=\"car hire malaga airport\" srcset=\"https:\/\/fetajorentacar.com\/wp-content\/uploads\/2023\/10\/fetajo-rent-a-car-airport-malaga-2-8.webp 1620w, https:\/\/fetajorentacar.com\/wp-content\/uploads\/2023\/10\/fetajo-rent-a-car-airport-malaga-2-8-300x200.webp 300w, https:\/\/fetajorentacar.com\/wp-content\/uploads\/2023\/10\/fetajo-rent-a-car-airport-malaga-2-8-1024x683.webp 1024w, https:\/\/fetajorentacar.com\/wp-content\/uploads\/2023\/10\/fetajo-rent-a-car-airport-malaga-2-8-768x512.webp 768w, https:\/\/fetajorentacar.com\/wp-content\/uploads\/2023\/10\/fetajo-rent-a-car-airport-malaga-2-8-1536x1024.webp 1536w\" sizes=\"(max-width: 1620px) 100vw, 1620px\" \/>\t\t\t\t\t\t\t\t\t\t\t\t\t\t\t<\/div>\n\t\t\t\t<\/div>\n\t\t\t\t<div class=\"elementor-element elementor-element-74d201e elementor-absolute our-contact-now-circle elementor-widget elementor-widget-text-path\" data-id=\"74d201e\" data-element_type=\"widget\" data-e-type=\"widget\" data-settings=\"{&quot;text&quot;:&quot; Contactez-Nous *  Contactez-Nous *  Contactez-Nous * &quot;,&quot;_position&quot;:&quot;absolute&quot;,&quot;link&quot;:{&quot;url&quot;:&quot;https:\\\/\\\/fetajorentacar.com\\\/contact-us-rent-car-malaga-airport\\\/&quot;,&quot;is_external&quot;:&quot;&quot;,&quot;nofollow&quot;:&quot;&quot;,&quot;custom_attributes&quot;:&quot;&quot;},&quot;start_point&quot;:{&quot;unit&quot;:&quot;%&quot;,&quot;size&quot;:0,&quot;sizes&quot;:[]},&quot;ekit_we_effect_on&quot;:&quot;none&quot;}\" data-widget_type=\"text-path.default\">\n\t\t\t\t\t\t\t<div class=\"e-text-path\" data-text=\" Contactez-Nous *  Contactez-Nous *  Contactez-Nous * \" data-url=\"\/\/fetajorentacar.com\/wp-content\/plugins\/elementor\/assets\/svg-paths\/circle.svg\" data-link-url=\"https:\/\/fetajorentacar.com\/contact-us-rent-car-malaga-airport\/\"><\/div>\n\t\t\t\t\t\t<\/div>\n\t\t<div class=\"elementor-element elementor-element-3fcbfb2 e-con-full e-flex e-con e-child\" data-id=\"3fcbfb2\" data-element_type=\"container\" data-e-type=\"container\">\n\t\t\t\t<div class=\"elementor-element elementor-element-b6f9282 at-shiny-glass-effect goals-img-3 elementor-widget elementor-widget-image\" data-id=\"b6f9282\" data-element_type=\"widget\" data-e-type=\"widget\" data-settings=\"{&quot;ekit_we_effect_on&quot;:&quot;none&quot;}\" data-widget_type=\"image.default\">\n\t\t\t\t\t\t\t\t\t\t\t\t\t\t\t<img loading=\"lazy\" decoding=\"async\" width=\"1440\" height=\"1080\" src=\"https:\/\/fetajorentacar.com\/wp-content\/uploads\/2023\/10\/fetajo-rent-a-car-airport-malaga-2-7.webp\" class=\"attachment-full size-full wp-image-7587\" alt=\"car hire malaga airport\" srcset=\"https:\/\/fetajorentacar.com\/wp-content\/uploads\/2023\/10\/fetajo-rent-a-car-airport-malaga-2-7.webp 1440w, https:\/\/fetajorentacar.com\/wp-content\/uploads\/2023\/10\/fetajo-rent-a-car-airport-malaga-2-7-300x225.webp 300w, https:\/\/fetajorentacar.com\/wp-content\/uploads\/2023\/10\/fetajo-rent-a-car-airport-malaga-2-7-1024x768.webp 1024w, https:\/\/fetajorentacar.com\/wp-content\/uploads\/2023\/10\/fetajo-rent-a-car-airport-malaga-2-7-768x576.webp 768w\" sizes=\"(max-width: 1440px) 100vw, 1440px\" \/>\t\t\t\t\t\t\t\t\t\t\t\t\t\t\t<\/div>\n\t\t\t\t<div class=\"elementor-element elementor-element-5fd23bc at-shiny-glass-effect goals-img-4 elementor-widget elementor-widget-image\" data-id=\"5fd23bc\" data-element_type=\"widget\" data-e-type=\"widget\" data-settings=\"{&quot;ekit_we_effect_on&quot;:&quot;none&quot;}\" data-widget_type=\"image.default\">\n\t\t\t\t\t\t\t\t\t\t\t\t\t\t\t<img loading=\"lazy\" decoding=\"async\" width=\"2000\" height=\"1333\" src=\"https:\/\/fetajorentacar.com\/wp-content\/uploads\/2023\/09\/Rent-a-Car-Malaga-Airport-Discover-the-Best-Option-for-Car-Rental-at-Malaga-Airport-2-1.webp\" class=\"attachment-full size-full wp-image-7475\" alt=\"car hire malaga airport\" srcset=\"https:\/\/fetajorentacar.com\/wp-content\/uploads\/2023\/09\/Rent-a-Car-Malaga-Airport-Discover-the-Best-Option-for-Car-Rental-at-Malaga-Airport-2-1.webp 2000w, https:\/\/fetajorentacar.com\/wp-content\/uploads\/2023\/09\/Rent-a-Car-Malaga-Airport-Discover-the-Best-Option-for-Car-Rental-at-Malaga-Airport-2-1-300x200.webp 300w, https:\/\/fetajorentacar.com\/wp-content\/uploads\/2023\/09\/Rent-a-Car-Malaga-Airport-Discover-the-Best-Option-for-Car-Rental-at-Malaga-Airport-2-1-1024x682.webp 1024w, https:\/\/fetajorentacar.com\/wp-content\/uploads\/2023\/09\/Rent-a-Car-Malaga-Airport-Discover-the-Best-Option-for-Car-Rental-at-Malaga-Airport-2-1-768x512.webp 768w, https:\/\/fetajorentacar.com\/wp-content\/uploads\/2023\/09\/Rent-a-Car-Malaga-Airport-Discover-the-Best-Option-for-Car-Rental-at-Malaga-Airport-2-1-1536x1024.webp 1536w\" sizes=\"(max-width: 2000px) 100vw, 2000px\" \/>\t\t\t\t\t\t\t\t\t\t\t\t\t\t\t<\/div>\n\t\t\t\t<\/div>\n\t\t\t\t<\/div>\n\t\t\t\t\t<\/div>\n\t\t\t\t<\/div>\n\t\t<div class=\"elementor-element elementor-element-7d74f53 e-flex e-con-boxed e-con e-parent\" data-id=\"7d74f53\" data-element_type=\"container\" data-e-type=\"container\">\n\t\t\t\t\t<div class=\"e-con-inner\">\n\t\t\t\t<div class=\"elementor-element elementor-element-abdf896 at-heading-animation at-animation-heading-style-2 elementor-widget elementor-widget-heading\" data-id=\"abdf896\" data-element_type=\"widget\" data-e-type=\"widget\" data-settings=\"{&quot;ekit_we_effect_on&quot;:&quot;none&quot;}\" data-widget_type=\"heading.default\">\n\t\t\t\t\t<h2 class=\"elementor-heading-title elementor-size-default\">Location directe \u2014 pas d'interm\u00e9diaire. Entreprise familiale.<\/h2>\t\t\t\t<\/div>\n\t\t\t\t<div class=\"elementor-element elementor-element-0ee32d7 elementor-widget elementor-widget-text-editor\" data-id=\"0ee32d7\" data-element_type=\"widget\" data-e-type=\"widget\" data-settings=\"{&quot;ekit_we_effect_on&quot;:&quot;none&quot;}\" data-widget_type=\"text-editor.default\">\n\t\t\t\t\t\t\t\t\t<p style=\"text-align: center;\">Here you have the answer, more than 400 state-of-the-art cars in perfect condition, so you can enjoy your trips in Malaga, on the Costa del Sol or in Spain.<\/p>\t\t\t\t\t\t\t\t<\/div>\n\t\t\t\t<div class=\"elementor-element elementor-element-68d55b2 elementor-widget elementor-widget-shortcode\" data-id=\"68d55b2\" data-element_type=\"widget\" data-e-type=\"widget\" data-settings=\"{&quot;ekit_we_effect_on&quot;:&quot;none&quot;}\" data-widget_type=\"shortcode.default\">\n\t\t\t\t\t\t\t<div class=\"elementor-shortcode\"><script async=\"async\" src=\"https:\/\/fetajorentacar.com\/fr\/?ibex_widget_proxy=1&#038;include_jquery=0&#038;view_id=2&#038;result_view=list&#038;include_css=https%3A%2F%2Ffetajorentacar.com%2Ffr%2F%3Fibex_css_proxy%3D1&#038;key=1-bc1f55f482a2df2bede07c661806c4eb&#038;autoscroll=0\"><\/script><div id=\"irc_fleet\" style=\"width: 100%;\"><\/div>\n<\/div>\n\t\t\t\t\t\t<\/div>\n\t\t\t\t\t<\/div>\n\t\t\t\t<\/div>\n\t\t\t\t<\/div>\n\t\t","protected":false},"excerpt":{"rendered":"<p>Voitures de Location A\u00e9roport M\u00e1laga Location Voiture Voitures de Location A\u00e9roport M\u00e1laga [&hellip;]<\/p>\n","protected":false},"author":0,"featured_media":0,"parent":0,"menu_order":0,"comment_status":"closed","ping_status":"closed","template":"elementor_header_footer","meta":{"footnotes":""},"class_list":["post-12773","page","type-page","status-publish","hentry"],"_links":{"self":[{"href":"https:\/\/fetajorentacar.com\/fr\/wp-json\/wp\/v2\/pages\/12773","targetHints":{"allow":["GET"]}}],"collection":[{"href":"https:\/\/fetajorentacar.com\/fr\/wp-json\/wp\/v2\/pages"}],"about":[{"href":"https:\/\/fetajorentacar.com\/fr\/wp-json\/wp\/v2\/types\/page"}],"replies":[{"embeddable":true,"href":"https:\/\/fetajorentacar.com\/fr\/wp-json\/wp\/v2\/comments?post=12773"}],"version-history":[{"count":1,"href":"https:\/\/fetajorentacar.com\/fr\/wp-json\/wp\/v2\/pages\/12773\/revisions"}],"predecessor-version":[{"id":13078,"href":"https:\/\/fetajorentacar.com\/fr\/wp-json\/wp\/v2\/pages\/12773\/revisions\/13078"}],"wp:attachment":[{"href":"https:\/\/fetajorentacar.com\/fr\/wp-json\/wp\/v2\/media?parent=12773"}],"curies":[{"name":"wp","href":"https:\/\/api.w.org\/{rel}","templated":true}]}}