{"id":12717,"date":"2026-04-15T15:13:49","date_gmt":"2026-04-15T15:13:49","guid":{"rendered":"https:\/\/fetajorentacar.com\/car-hire-torremolinos-nl\/"},"modified":"2026-04-16T08:50:53","modified_gmt":"2026-04-16T08:50:53","slug":"auto-huren-torremolinos","status":"publish","type":"page","link":"https:\/\/fetajorentacar.com\/nl\/auto-huren-torremolinos\/","title":{"rendered":"Auto Huren Torremolinos"},"content":{"rendered":"<p># Auto Huren Torremolinos \u2014 Snelste Ontsnapping van de Luchthaven. Achter het Stuur in 10 Minuten.<\/p>\n<p>U landt. U haalt uw auto op. U rijdt. Torremolinos is het dichtstbijzijnde badplaats bij de luchthaven van M\u00e1laga \u2014 perfect omdat u geen tijd wilt verspillen om bij uw vakantie te komen.<\/p>\n<p>Onze **huurauto in Torremolinos** werkt direct op de luchthaven. Haal uw auto op in 10 minuten, rijd nog 10 minuten naar uw hotel \u2014 en u ligt op het strand terwijl de typische toerist nog wacht op een shuttlebus.<\/p>\n<p>## Waarom auto huren in Torremolinos met Fetajo<\/p>\n<p>**10 minuten van de terminal.**<br \/>\nWij halen u op bij aankomst. Geen shuttlebus, geen transfer naar het stadscentrum. Uw auto wacht.<\/p>\n<p>**Perfect voor korte verblijven (3\u20137 dagen).**<br \/>\nTorremolinos is snel bereikbaar en ideaal voor weekendtrips of korte vakanties. Onze dagprijzen zijn concurrerend.<\/p>\n<p>**Strand, nachtleven en directe toegang tot alles.**<br \/>\nTorremolinos biedt de Palladium Club, strandclubs en de paseo mar\u00edtimo. Uw auto ontsluit ook M\u00e1laga centrum (10 min.), Fuengirola (10 min. westelijk), het casino van Benalm\u00e1dena (5 min.), Marbella (30 min.) en Granada (90 min.).<\/p>\n<p>**Moderne vloot, all-inclusive prijs.**<br \/>\nElk voertuig is 2\u20134 jaar oud, automaat of handgeschakeld, met volledige dekking, onbeperkte kilometers en 24\/7 ondersteuning.<\/p>\n<p>## Torremolinos \u2014 Wat uw huurauto ontsluit<\/p>\n<p>**Playa de Torremolinos &#038; Paseo Mar\u00edtimo**<br \/>\n4 km strand met strandwachten, bars en verhuurde ligstoelen. De promenade staat vol restaurants. Parkeer (1\u20132 \u20ac\/uur) en wandel uren.<\/p>\n<p>**Nachtleven**<br \/>\nPalladium Club met internationale DJ&#8217;s. Talloze Britse pubs in de straten. Uw auto betekent: om 4 uur &#8216;s nachts veilig terug rijden.<\/p>\n<p>**M\u00e1laga oude stad \u2014 10 minuten**<br \/>\nKathedraal, Alcazaba-vesting, Picasso-museum en tapas-bars in het historische centrum.<\/p>\n<p>**Benalm\u00e1dena \u2014 casino, Puerto Deportivo, Telef\u00e9rico**<br \/>\nVijf minuten westelijk: casino, havenrestaurants (uitstekende zeevruchten) en de kabelbaan naar de Monte Calamorro.<\/p>\n<p>## Wat Torremolinos-bezoekers ons vertellen<\/p>\n<p>&#8220;Om 14 uur geland, een biertje op het strand om 14:45. Hoe? Directe afhaling op de luchthaven. De meeste toeristen haalden nog hun bagage op toen ik al in het water lag.&#8221; \u2014 *Phil, Verenigd Koninkrijk*<\/p>\n<p>&#8220;Weekend. Vrijdagavond gehuurd, zondagavond teruggebracht. Drie dagen: \u20ac89 alles inbegrepen.&#8221; \u2014 *Sandra, Frankrijk*<\/p>\n<p>## FAQ \u2014 Auto huren Torremolinos<\/p>\n<p>**Hoe dichtbij is Torremolinos bij de luchthaven van M\u00e1laga?**<br \/>\nSlechts 8\u201310 km westelijk. 10\u201315 minuten rijden bij normaal verkeer.<\/p>\n<p>**Is Torremolinos geschikt voor gezinnen?**<br \/>\nHet strand is overdag veilig en gezinsvriendelijk. Voor gezinnen die meer zoeken dan nachtleven, is Fuengirola (10 min. westelijk) soms beter.<\/p>\n<p>**Is er onbeperkt kilometrage?**<br \/>\nJa. M\u00e1laga, Fuengirola, Marbella, zelfs Granada \u2014 alles zonder toeslag.<\/p>\n","protected":false},"excerpt":{"rendered":"<p># Auto Huren Torremolinos \u2014 Snelste Ontsnapping van de Luchthaven. Achter het [&hellip;]<\/p>\n","protected":false},"author":0,"featured_media":12690,"parent":0,"menu_order":0,"comment_status":"closed","ping_status":"closed","template":"","meta":{"footnotes":""},"class_list":["post-12717","page","type-page","status-publish","has-post-thumbnail","hentry"],"_links":{"self":[{"href":"https:\/\/fetajorentacar.com\/nl\/wp-json\/wp\/v2\/pages\/12717","targetHints":{"allow":["GET"]}}],"collection":[{"href":"https:\/\/fetajorentacar.com\/nl\/wp-json\/wp\/v2\/pages"}],"about":[{"href":"https:\/\/fetajorentacar.com\/nl\/wp-json\/wp\/v2\/types\/page"}],"replies":[{"embeddable":true,"href":"https:\/\/fetajorentacar.com\/nl\/wp-json\/wp\/v2\/comments?post=12717"}],"version-history":[{"count":1,"href":"https:\/\/fetajorentacar.com\/nl\/wp-json\/wp\/v2\/pages\/12717\/revisions"}],"predecessor-version":[{"id":12949,"href":"https:\/\/fetajorentacar.com\/nl\/wp-json\/wp\/v2\/pages\/12717\/revisions\/12949"}],"wp:featuredmedia":[{"embeddable":true,"href":"https:\/\/fetajorentacar.com\/nl\/wp-json\/wp\/v2\/media\/12690"}],"wp:attachment":[{"href":"https:\/\/fetajorentacar.com\/nl\/wp-json\/wp\/v2\/media?parent=12717"}],"curies":[{"name":"wp","href":"https:\/\/api.w.org\/{rel}","templated":true}]}}